{"id":22919,"date":"2018-03-26T11:35:38","date_gmt":"2018-03-26T10:35:38","guid":{"rendered":"https:\/\/www.hueckelhoven.de\/?page_id=22919"},"modified":"2018-03-26T11:35:38","modified_gmt":"2018-03-26T10:35:38","slug":"loescheinheiten","status":"publish","type":"page","link":"https:\/\/hueckelhoven.de\/feuerwehr\/feuerwehr\/loescheinheiten\/","title":{"rendered":"L\u00f6scheinheiten"},"content":{"rendered":"<section style=\"padding:    ; margin:    ; \" class=\"\">\n\t\t\t\t\t<div class=\"container-fluid\" style=\" max-width: 100%;\">\n\t\t\t\t\t\t<div class=\"row\"><div class=\"col-md-36 \" style=\"\"><div class=\"headings text-left \">\n                    <h2>Die L\u00f6scheinheiten<\/h2>\n                <\/div><div class=\"   \"><\/p>\n<h4 style=\"text-align: center;\">Die Basis der ehrenamtlichen Feuerwehrarbeit bilden in der Feuerwehr H\u00fcckelhoven die neun L\u00f6scheinheiten. Sie sind zusammengefasst in vier L\u00f6schz\u00fcge.<\/h4>\n<h4 style=\"text-align: center;\">Nicht nur im Alarm- und Ausbildungsdienst treffen sich die Frauen und M\u00e4nner.<span style=\"color: #ffffff;\">.<\/span><\/h4>\n<h4 style=\"text-align: center;\">Viele Freundschaften sind entstanden, was im Einsatz weiterhilft.<\/h4>\n<h4 style=\"text-align: center;\"><span style=\"color: #ffffff;\">.<\/span><\/h4>\n<h4 style=\"text-align: center;\">Denn nur als Team ist die Feuerwehr erfolgreich.<\/h4>\n<p>\n<\/div><\/div><\/div>\n\t\t\t\t\t<\/div>\n\t\t\t\t<\/section>\n","protected":false},"excerpt":{"rendered":"","protected":false},"author":2,"featured_media":0,"parent":22916,"menu_order":5,"comment_status":"closed","ping_status":"closed","template":"page-templates\/fuerwehr.php","meta":{"footnotes":""},"class_list":["post-22919","page","type-page","status-publish","hentry"],"acf":[],"_links":{"self":[{"href":"https:\/\/hueckelhoven.de\/feuerwehr\/wp-json\/wp\/v2\/pages\/22919","targetHints":{"allow":["GET"]}}],"collection":[{"href":"https:\/\/hueckelhoven.de\/feuerwehr\/wp-json\/wp\/v2\/pages"}],"about":[{"href":"https:\/\/hueckelhoven.de\/feuerwehr\/wp-json\/wp\/v2\/types\/page"}],"author":[{"embeddable":true,"href":"https:\/\/hueckelhoven.de\/feuerwehr\/wp-json\/wp\/v2\/users\/2"}],"replies":[{"embeddable":true,"href":"https:\/\/hueckelhoven.de\/feuerwehr\/wp-json\/wp\/v2\/comments?post=22919"}],"version-history":[{"count":0,"href":"https:\/\/hueckelhoven.de\/feuerwehr\/wp-json\/wp\/v2\/pages\/22919\/revisions"}],"up":[{"embeddable":true,"href":"https:\/\/hueckelhoven.de\/feuerwehr\/wp-json\/wp\/v2\/pages\/22916"}],"wp:attachment":[{"href":"https:\/\/hueckelhoven.de\/feuerwehr\/wp-json\/wp\/v2\/media?parent=22919"}],"curies":[{"name":"wp","href":"https:\/\/api.w.org\/{rel}","templated":true}]}}