{"id":22970,"date":"2018-05-03T09:01:24","date_gmt":"2018-05-03T08:01:24","guid":{"rendered":"https:\/\/www.hueckelhoven.de\/?page_id=22970"},"modified":"2018-05-03T09:01:24","modified_gmt":"2018-05-03T08:01:24","slug":"geschichte","status":"publish","type":"page","link":"https:\/\/hueckelhoven.de\/feuerwehr\/feuerwehr\/loescheinheiten\/loescheinheit-millich\/geschichte\/","title":{"rendered":"Geschichte"},"content":{"rendered":"<section style=\"\" class=\"\">\n\t\t\t\t\t<div class=\"container\" style=\"padding:    ; margin:    ;  max-width: 100%;\">\n\t\t\t\t\t\t<div class=\"row\"><div class=\"col-md-36 \" style=\"\"><div class=\"headings text-left \">\n                    <h2>Geschichte<\/h2>\n                <\/div><div class=\"   \"><p> <strong>Die Entstehung der Freiwilligen Feuerwehr Millich<\/strong><\/p>\n<p style=\"text-align: justify;\">Aus einer Abschrift der B\u00fcrgermeisterei Ratheim von einer Sitzung am 17.8.1854 geht hervor, dass es zu diesem Zeitpunkt schon Millicher Feuerwehrm\u00e4nner gab.<\/p>\n<p style=\"text-align: justify;\">Ihre Namen waren Albert Merkens als Spritzenmeister, Friederich Reiners als sein Stellvertreter, dazu kamen noch Franz-Josef Reiners als Rohrf\u00fchrer und Peter Feldges als sein Stellvertreter.<\/p>\n<p style=\"text-align: justify;\">Zu dieser Zeit lief noch alles \u00fcber die Gemeinde Ratheim, wozu auch Millich geh\u00f6rte und die gemeinsam auch dort den Brandschutz stellten.<\/p>\n<p style=\"text-align: justify;\">Im Oktober 1934 wurde in Millich der erste Schritt unternommen eine eigene Wehr zu gr\u00fcnden.<\/p>\n<p style=\"text-align: justify;\">Die Versammlung fand im Lokal Jakob Kohnen statt.<\/p>\n<p style=\"text-align: justify;\">Nach Aufkl\u00e4rung \u00fcber Sinn und Zweck des Feuerl\u00f6schwesens durch den damaligen B\u00fcrgermeister Kamann erkl\u00e4rten sich folgende Leute bereit der Wehr beizutreten.<\/p>\n<p style=\"text-align: justify;\"><strong>1.) Meyer, Johann 2.) R\u00fctten, Gerhard 3.) van den Berg, Heinz 4.) Krings, Ludwig 5.) Jacobs, Gerhard 6.) Frentzen,Peter 7.) Aretz,Jacob 8.) von Berg,Heinrich 9.) Zurmahr,Hubert 10.) Kohnen,Heinrich 11.) Zimmermanns,Jacob 12.) Zimmermanns,Peter 13.) Schmitz,Heinrich 14.) Krings,Franz<\/strong><\/p>\n<p style=\"text-align: justify;\">Durch einen Beschluss der Genannten wurde Heinrich Schmitz zum ersten L\u00f6schmeister der L\u00f6schgruppe Millich gew\u00e4hlt.<\/p>\n<p style=\"text-align: justify;\">Im Laufe des Jahres 1935 wurde die Feuerwehr mit den ersten L\u00f6schger\u00e4ten und Uniformen ausger\u00fcstet.<\/p>\n<p style=\"text-align: justify;\">Durch Einf\u00fchrung der Wehrmacht und den darauf folgenden Krieg traten gro\u00dfe L\u00fccken in der Wehr ein, die aber bald wieder aufgef\u00fcllt wurden.<\/p>\n<p>Die bisherigen L\u00f6schgruppenf\u00fchrer der L\u00f6schgruppe Millich. 1934-1957 Heinrich Schmitz 1957-1978 Peter Zimmermanns 1978-2000 Hans Dohmen 1.1.2000-1.11.2000 Gerd Winkens Ab den 1.11.2000 Elmar Zelenka<\/p>\n<p style=\"text-align: justify;\">Zum heutigen Zeitpunkt besteht die Feuerwehr Millich aus 33 Mitgliedern, die sich wie folgt zusammensetzen:<\/p>\n<p>22 aktive Feuerwehrkameraden, 11 Kameraden der Ehrenabteilung <\/p>\n<\/div><\/div><\/div>\n\t\t\t\t\t<\/div>\n\t\t\t\t<\/section>\n","protected":false},"excerpt":{"rendered":"","protected":false},"author":2,"featured_media":0,"parent":33277,"menu_order":0,"comment_status":"closed","ping_status":"closed","template":"page-templates\/fuerwehr.php","meta":{"footnotes":""},"class_list":["post-22970","page","type-page","status-publish","hentry"],"acf":[],"_links":{"self":[{"href":"https:\/\/hueckelhoven.de\/feuerwehr\/wp-json\/wp\/v2\/pages\/22970","targetHints":{"allow":["GET"]}}],"collection":[{"href":"https:\/\/hueckelhoven.de\/feuerwehr\/wp-json\/wp\/v2\/pages"}],"about":[{"href":"https:\/\/hueckelhoven.de\/feuerwehr\/wp-json\/wp\/v2\/types\/page"}],"author":[{"embeddable":true,"href":"https:\/\/hueckelhoven.de\/feuerwehr\/wp-json\/wp\/v2\/users\/2"}],"replies":[{"embeddable":true,"href":"https:\/\/hueckelhoven.de\/feuerwehr\/wp-json\/wp\/v2\/comments?post=22970"}],"version-history":[{"count":0,"href":"https:\/\/hueckelhoven.de\/feuerwehr\/wp-json\/wp\/v2\/pages\/22970\/revisions"}],"up":[{"embeddable":true,"href":"https:\/\/hueckelhoven.de\/feuerwehr\/wp-json\/wp\/v2\/pages\/33277"}],"wp:attachment":[{"href":"https:\/\/hueckelhoven.de\/feuerwehr\/wp-json\/wp\/v2\/media?parent=22970"}],"curies":[{"name":"wp","href":"https:\/\/api.w.org\/{rel}","templated":true}]}}