{"id":24423,"date":"2018-03-26T11:35:17","date_gmt":"2018-03-26T10:35:12","guid":{"rendered":"https:\/\/www.hueckelhoven.de\/?page_id=24423"},"modified":"2022-05-10T11:30:28","modified_gmt":"2022-05-10T09:30:28","slug":"die-feuerwehr","status":"publish","type":"page","link":"https:\/\/hueckelhoven.de\/feuerwehr\/feuerwehr\/die-feuerwehr\/","title":{"rendered":"Die Feuerwehr"},"content":{"rendered":"\n<h2 class=\"wp-block-heading\">Aufgabenbereich der Feuerwehr<\/h2>\n\n\n\n<div class=\"wp-block-image\"><figure class=\"alignleft size-full\"><img loading=\"lazy\" decoding=\"async\" width=\"150\" height=\"150\" src=\"https:\/\/hueckelhoven.de\/feuerwehr\/wp-content\/uploads\/2022\/05\/F1_yxc-150x150-1.png\" alt=\"\" class=\"wp-image-62063\"\/><\/figure><\/div>\n\n\n\n<p>Die Feuerwehr ist eine Hilfsorganisation, deren Aufgabe es ist, Br\u00e4nde zu bek\u00e4mpfen und bei Ungl\u00fccksf\u00e4llen, \u00dcberschwemmungen, \u00f6ffentlichen Notst\u00e4nden sowie Gro\u00dfschadenslagen oder \u00e4hnlichen Ereignissen Hilfe zu leisten, d. h., Menschen, Tiere, Umwelt und Sachwerte zu retten, sie zu sch\u00fctzen und zu bergen.<\/p>\n\n\n\n<p>Die Aufgaben der Feuerwehr werden im Gesetz \u00fcber den Brandschutz, die Hilfeleistung und den Katastrophenschutz (BHKG) geregelt.<\/p>\n\n\n\n<h4 class=\"wp-block-heading\"><strong>L\u00f6schen<\/strong><\/h4>\n\n\n\n<p>Br\u00e4nde l\u00f6schen ist die ureigenste Aufgabe der Feuerwehr. Auch heute noch m\u00fcssen vereinzelt Br\u00e4nde bek\u00e4mpft werden. Im Laufe der letzten Jahrzehnte ist jedoch die Zahl der Brandbek\u00e4mpfungen zur\u00fcckgegangen, neue Aufgaben sind hinzugekommen. Durch die zunehmende Aufgabenvielfalt ist die Feuerwehr heutzutage im Bereich der technischen Hilfeleistung stark beansprucht.<\/p>\n\n\n\n<h4 class=\"wp-block-heading\"><strong>Retten<\/strong><\/h4>\n\n\n\n<p>Als Retten wird die Abwendung einer Lebensgefahr f\u00fcr Mensch oder Tier bezeichnet, die z.B. bei Verkehrsunf\u00e4llen oder Br\u00e4nden auftreten kann. Das Retten ist die prim\u00e4re Aufgabe der Feuerwehr. Typische Situationen sind z.B. das Retten von eingeklemmten Personen nach Verkehrsunf\u00e4llen, das Retten von Personen aus einer Zwangslage, eingebrochenen Personen aus vereisten Gew\u00e4ssern oder das Retten aus brennenden Geb\u00e4uden.<\/p>\n\n\n\n<h4 class=\"wp-block-heading\"><strong>Bergen<\/strong><\/h4>\n\n\n\n<p>Ein weiterer vielschichtiger Schwerpunkt ist die Bergung von Sachg\u00fctern. Dieser Aufgabenbereich geh\u00f6rt zur technischen Hilfeleistung. Hierzu z\u00e4hlen z.B. das Bergen von Fahrzeugen oder von Hausrat nach einem Brand. Das Beseitigen von umgest\u00fcrzten B\u00e4umen und Strommasten nach Unwettern geh\u00f6rt ebenso in diesen Bereich wie das Bergen lebloser Personen oder Tiere.<\/p>\n\n\n\n<h4 class=\"wp-block-heading\">Sch\u00fctzen<\/h4>\n\n\n\n<p>Die Aufgabe \u201eSch\u00fctzen\u201c ist sehr vielf\u00e4ltig. Hierzu geh\u00f6rt der wichtige Bereich des \u201eVorbeugenden Brandschutzes\u201c. Die Ma\u00dfnahmen dieses Aufgabengebietes dienen der Vermeidung von Entstehungsbr\u00e4nden, z. B. durch die Bereitstellung von Brandsicherheitswachen bei \u00f6ffentlichen Veranstaltungen. Auch die Brandschutzerziehung der Bev\u00f6lkerung, z.B. in Kinderg\u00e4rten und Schulen, ist wichtig, um auf Gefahren aufmerksam zu machen und richtiges Verhalten in Notsituationen aufzuzeigen.<\/p>\n","protected":false},"excerpt":{"rendered":"<p>Aufgabenbereich der Feuerwehr Die Feuerwehr ist eine Hilfsorganisation, deren Aufgabe es ist, Br\u00e4nde zu bek\u00e4mpfen und bei Ungl\u00fccksf\u00e4llen, \u00dcberschwemmungen, \u00f6ffentlichen Notst\u00e4nden sowie Gro\u00dfschadenslagen oder \u00e4hnlichen Ereignissen Hilfe zu leisten, d. h., Menschen, Tiere, Umwelt und Sachwerte zu retten, sie zu sch\u00fctzen und zu bergen. Die Aufgaben der Feuerwehr werden im Gesetz \u00fcber den Brandschutz, die [&hellip;]<\/p>\n","protected":false},"author":2,"featured_media":0,"parent":22916,"menu_order":1,"comment_status":"closed","ping_status":"closed","template":"page-templates\/fuerwehr.php","meta":{"footnotes":""},"class_list":["post-24423","page","type-page","status-publish","hentry"],"acf":[],"_links":{"self":[{"href":"https:\/\/hueckelhoven.de\/feuerwehr\/wp-json\/wp\/v2\/pages\/24423","targetHints":{"allow":["GET"]}}],"collection":[{"href":"https:\/\/hueckelhoven.de\/feuerwehr\/wp-json\/wp\/v2\/pages"}],"about":[{"href":"https:\/\/hueckelhoven.de\/feuerwehr\/wp-json\/wp\/v2\/types\/page"}],"author":[{"embeddable":true,"href":"https:\/\/hueckelhoven.de\/feuerwehr\/wp-json\/wp\/v2\/users\/2"}],"replies":[{"embeddable":true,"href":"https:\/\/hueckelhoven.de\/feuerwehr\/wp-json\/wp\/v2\/comments?post=24423"}],"version-history":[{"count":5,"href":"https:\/\/hueckelhoven.de\/feuerwehr\/wp-json\/wp\/v2\/pages\/24423\/revisions"}],"predecessor-version":[{"id":62070,"href":"https:\/\/hueckelhoven.de\/feuerwehr\/wp-json\/wp\/v2\/pages\/24423\/revisions\/62070"}],"up":[{"embeddable":true,"href":"https:\/\/hueckelhoven.de\/feuerwehr\/wp-json\/wp\/v2\/pages\/22916"}],"wp:attachment":[{"href":"https:\/\/hueckelhoven.de\/feuerwehr\/wp-json\/wp\/v2\/media?parent=24423"}],"curies":[{"name":"wp","href":"https:\/\/api.w.org\/{rel}","templated":true}]}}