{"id":24455,"date":"2018-05-03T08:50:49","date_gmt":"2018-05-03T07:50:49","guid":{"rendered":"https:\/\/www.hueckelhoven.de\/?page_id=24455"},"modified":"2023-04-23T17:53:56","modified_gmt":"2023-04-23T15:53:56","slug":"hauptamtliche-wache","status":"publish","type":"page","link":"https:\/\/hueckelhoven.de\/feuerwehr\/feuerwehr\/loescheinheiten\/hauptamtliche-wache\/","title":{"rendered":"Hauptamtliche Wache"},"content":{"rendered":"\n<h2 class=\"wp-block-heading\">Hauptamtliche Wache<\/h2>\n\n\n\n<div style=\"height:30px\" aria-hidden=\"true\" class=\"wp-block-spacer\"><\/div>\n\n\n\n<figure class=\"wp-block-image size-full\"><img loading=\"lazy\" decoding=\"async\" width=\"800\" height=\"449\" src=\"https:\/\/hueckelhoven.de\/feuerwehr\/wp-content\/uploads\/2022\/05\/Feuerwehr_Hueckelhoven.jpg\" alt=\"\" class=\"wp-image-62092\" srcset=\"https:\/\/hueckelhoven.de\/feuerwehr\/wp-content\/uploads\/2022\/05\/Feuerwehr_Hueckelhoven.jpg 800w, https:\/\/hueckelhoven.de\/feuerwehr\/wp-content\/uploads\/2022\/05\/Feuerwehr_Hueckelhoven-300x168.jpg 300w, https:\/\/hueckelhoven.de\/feuerwehr\/wp-content\/uploads\/2022\/05\/Feuerwehr_Hueckelhoven-768x431.jpg 768w\" sizes=\"auto, (max-width: 800px) 100vw, 800px\" \/><\/figure>\n\n\n\n<p>Die Angeh\u00f6rigen der Freiwilligen Feuerwehr \u00fcben ihre T\u00e4tigkeit im Ehrenamt aus. Da insbesondere durch die beruflich bedingte Abwesenheit der freiwilligen Kr\u00e4fte nicht st\u00e4ndig ausreichend Einsatzkr\u00e4fte zur Verf\u00fcgung stehen, hier insbesondere tags\u00fcber, wird die Freiwillige Feuerwehr durch hauptamtliches Personal unterst\u00fctzt. Die zehn Beamten des feuerwehrtechnischen Dienstes nehmen ihren Dienst in der Feuerwache, Hilfarther Str. 15, wahr. Von hier aus r\u00fccken sie im Einsatzfall ins gesamte Stadtgebiet aus.<\/p>\n","protected":false},"excerpt":{"rendered":"<p>Hauptamtliche Wache Die Angeh\u00f6rigen der Freiwilligen Feuerwehr \u00fcben ihre T\u00e4tigkeit im Ehrenamt aus. Da insbesondere durch die beruflich bedingte Abwesenheit der freiwilligen Kr\u00e4fte nicht st\u00e4ndig ausreichend Einsatzkr\u00e4fte zur Verf\u00fcgung stehen, hier insbesondere tags\u00fcber, wird die Freiwillige Feuerwehr durch hauptamtliches Personal unterst\u00fctzt. Die zehn Beamten des feuerwehrtechnischen Dienstes nehmen ihren Dienst in der Feuerwache, Hilfarther Str. [&hellip;]<\/p>\n","protected":false},"author":2,"featured_media":24524,"parent":22919,"menu_order":0,"comment_status":"closed","ping_status":"closed","template":"page-templates\/fuerwehr.php","meta":{"footnotes":""},"class_list":["post-24455","page","type-page","status-publish","hentry"],"acf":[],"_links":{"self":[{"href":"https:\/\/hueckelhoven.de\/feuerwehr\/wp-json\/wp\/v2\/pages\/24455","targetHints":{"allow":["GET"]}}],"collection":[{"href":"https:\/\/hueckelhoven.de\/feuerwehr\/wp-json\/wp\/v2\/pages"}],"about":[{"href":"https:\/\/hueckelhoven.de\/feuerwehr\/wp-json\/wp\/v2\/types\/page"}],"author":[{"embeddable":true,"href":"https:\/\/hueckelhoven.de\/feuerwehr\/wp-json\/wp\/v2\/users\/2"}],"replies":[{"embeddable":true,"href":"https:\/\/hueckelhoven.de\/feuerwehr\/wp-json\/wp\/v2\/comments?post=24455"}],"version-history":[{"count":4,"href":"https:\/\/hueckelhoven.de\/feuerwehr\/wp-json\/wp\/v2\/pages\/24455\/revisions"}],"predecessor-version":[{"id":66787,"href":"https:\/\/hueckelhoven.de\/feuerwehr\/wp-json\/wp\/v2\/pages\/24455\/revisions\/66787"}],"up":[{"embeddable":true,"href":"https:\/\/hueckelhoven.de\/feuerwehr\/wp-json\/wp\/v2\/pages\/22919"}],"wp:featuredmedia":[{"embeddable":true,"href":"https:\/\/hueckelhoven.de\/feuerwehr\/wp-json\/"}],"wp:attachment":[{"href":"https:\/\/hueckelhoven.de\/feuerwehr\/wp-json\/wp\/v2\/media?parent=24455"}],"curies":[{"name":"wp","href":"https:\/\/api.w.org\/{rel}","templated":true}]}}