{"id":24463,"date":"2018-05-03T08:45:41","date_gmt":"2018-05-03T07:45:41","guid":{"rendered":"https:\/\/www.hueckelhoven.de\/?page_id=24463"},"modified":"2022-05-23T13:10:27","modified_gmt":"2022-05-23T11:10:27","slug":"loescheinheit-doveren","status":"publish","type":"page","link":"https:\/\/hueckelhoven.de\/feuerwehr\/feuerwehr\/loescheinheiten\/loescheinheit-doveren\/","title":{"rendered":"L\u00f6scheinheit Doveren"},"content":{"rendered":"\n<h2 class=\"wp-block-heading\">L\u00f6scheinheit Doveren<\/h2>\n\n\n\n<h3 class=\"wp-block-heading\">L\u00f6schzug 3<\/h3>\n\n\n\n<figure class=\"wp-block-image size-large\"><img loading=\"lazy\" decoding=\"async\" width=\"1024\" height=\"576\" src=\"https:\/\/hueckelhoven.de\/feuerwehr\/wp-content\/uploads\/2022\/05\/IMG-20180208-WA0015-1024x576.jpg\" alt=\"\" class=\"wp-image-62108\" srcset=\"https:\/\/hueckelhoven.de\/feuerwehr\/wp-content\/uploads\/2022\/05\/IMG-20180208-WA0015-1024x576.jpg 1024w, https:\/\/hueckelhoven.de\/feuerwehr\/wp-content\/uploads\/2022\/05\/IMG-20180208-WA0015-300x169.jpg 300w, https:\/\/hueckelhoven.de\/feuerwehr\/wp-content\/uploads\/2022\/05\/IMG-20180208-WA0015-768x432.jpg 768w, https:\/\/hueckelhoven.de\/feuerwehr\/wp-content\/uploads\/2022\/05\/IMG-20180208-WA0015.jpg 1280w\" sizes=\"auto, (max-width: 1024px) 100vw, 1024px\" \/><\/figure>\n\n\n<div class=\"headings text-left \">\u00a0<\/div>\n<h4>Ansicht vom Ger\u00e4tehaus der L\u00f6scheinheit Doveren.<\/h4>\n<p>Der Ortsteil ist im nord\u00f6stlichen Stadtgebiet\u00a0 gelegen. <\/p>","protected":false},"excerpt":{"rendered":"<p>L\u00f6scheinheit Doveren L\u00f6schzug 3 \u00a0 Ansicht vom Ger\u00e4tehaus der L\u00f6scheinheit Doveren. Der Ortsteil ist im nord\u00f6stlichen Stadtgebiet\u00a0 gelegen.<\/p>\n","protected":false},"author":2,"featured_media":0,"parent":22919,"menu_order":5,"comment_status":"closed","ping_status":"closed","template":"page-templates\/fuerwehr.php","meta":{"footnotes":""},"class_list":["post-24463","page","type-page","status-publish","hentry"],"acf":[],"_links":{"self":[{"href":"https:\/\/hueckelhoven.de\/feuerwehr\/wp-json\/wp\/v2\/pages\/24463","targetHints":{"allow":["GET"]}}],"collection":[{"href":"https:\/\/hueckelhoven.de\/feuerwehr\/wp-json\/wp\/v2\/pages"}],"about":[{"href":"https:\/\/hueckelhoven.de\/feuerwehr\/wp-json\/wp\/v2\/types\/page"}],"author":[{"embeddable":true,"href":"https:\/\/hueckelhoven.de\/feuerwehr\/wp-json\/wp\/v2\/users\/2"}],"replies":[{"embeddable":true,"href":"https:\/\/hueckelhoven.de\/feuerwehr\/wp-json\/wp\/v2\/comments?post=24463"}],"version-history":[{"count":1,"href":"https:\/\/hueckelhoven.de\/feuerwehr\/wp-json\/wp\/v2\/pages\/24463\/revisions"}],"predecessor-version":[{"id":62109,"href":"https:\/\/hueckelhoven.de\/feuerwehr\/wp-json\/wp\/v2\/pages\/24463\/revisions\/62109"}],"up":[{"embeddable":true,"href":"https:\/\/hueckelhoven.de\/feuerwehr\/wp-json\/wp\/v2\/pages\/22919"}],"wp:attachment":[{"href":"https:\/\/hueckelhoven.de\/feuerwehr\/wp-json\/wp\/v2\/media?parent=24463"}],"curies":[{"name":"wp","href":"https:\/\/api.w.org\/{rel}","templated":true}]}}