{"id":33192,"date":"2018-03-23T13:16:59","date_gmt":"2018-03-23T12:16:59","guid":{"rendered":"https:\/\/www.hueckelhoven.de\/?page_id=33192"},"modified":"2024-01-10T13:04:23","modified_gmt":"2024-01-10T12:04:23","slug":"grusswort","status":"publish","type":"page","link":"https:\/\/hueckelhoven.de\/feuerwehr\/feuerwehr\/grusswort\/","title":{"rendered":"Gru\u00dfwort"},"content":{"rendered":"\n<p><strong>Gru\u00dfwort<\/strong><\/p>\n\n\n\n<p><span style=\"color: #333333;\">Liebe Besucher, liebe B\u00fcrgerinnen und B\u00fcrger,<\/span><\/p>\n\n\n\n<p><span style=\"color: #333333;\">herzlich willkommen auf der Internetpr\u00e4senz der Freiwilligen Feuerwehr H\u00fcckelhoven. Mit unserem Internetauftritt versuchen wir Ihnen unsere Organisation n\u00e4her zu bringen.<\/span><\/p>\n\n\n\n<p><span style=\"color: #333333;\">Ihre Freiwillige Feuerwehr leistet Hilfe und Sicherheit zu jeder Tages- und Nachtzeit. Wir setzen unser Leben f\u00fcr Sie ein und sorgen so f\u00fcr mehr Sicherheit in unserer Stadt.<\/span><\/p>\n\n\n\n<p><\/p>\n\n\n\n<p><\/p>\n\n\n\n<p><span style=\"color: #333333;\">Vorbeugung, Schutz und Rettung vor Gefahren sind unsere Anliegen, daf\u00fcr opfern viele freiwillige und ehrenamtliche Helfer regelm\u00e4\u00dfig ihre Freizeit und sind Tag und Nacht im Einsatz- nat\u00fcrlich unentgeltlich! An 365 Tagen im Jahr, bei Wind und Wetter, Tag und Nacht k\u00f6nnen unsere Mitb\u00fcrger sich auf die Hilfe der Freiwilligen Feuerwehr verlassen. So haben wir schon oft Mensch und Tier aus Gefahren befreit und unz\u00e4hlige Ma\u00dfnahmen zum Schutz der Umwelt durchgef\u00fchrt.<\/span><\/p>\n\n\n\n<p><span style=\"color: #333333;\">Diese Einsatzbereitschaft unz\u00e4hliger Freiwilliger erscheint Vielen als Selbstverst\u00e4ndlichkeit und nur Wenigen ist bewusst, wie viel Arbeit unsere Feuerwehrleute leisten. Hinter dieser Leistung stehen Menschen, Frauen und M\u00e4nner, die im Dienste ihrer Mitmenschen auf Freizeit verzichten und jederzeit zur Verf\u00fcgung stehen.<\/span><\/p>\n\n\n\n<p><span style=\"color: #333333;\">Nat\u00fcrlich macht die moderne Kommunikationsgesellschaft nicht vor der Freiwilligen Feuerwehr halt. Um Sie, unsere Mitb\u00fcrger, sowie Mitglieder, Interessenten und Unterst\u00fctzer noch effektiver und schneller \u00fcber relevante Themen und wichtige Neuerungen in Kenntnis zu setzten, haben wir diesen Internetauftritt geschaffen. Er soll ein Forum der Information, f\u00fcr R\u00fcckfragen und spezifische Fragen sein. <\/span><\/p>\n\n\n\n<p><span style=\"color: #333333;\">Ich lade Sie deshalb ein, dieses Informationsangebot reichlich zu nutzen und w\u00fcnsche Ihnen nun viel Vergn\u00fcgen beim Besuch dieses Internetauftritts.<\/span><\/p>\n\n\n\n<p><\/p>\n\n\n\n<p><span style=\"color: #333333;\">Mit freundlichen Gr\u00fc\u00dfen<\/span><\/p>\n\n\n\n<p><span style=\"color: #333333;\">Leiter der Feuerwehr<\/span><\/p>\n","protected":false},"excerpt":{"rendered":"<p>Gru\u00dfwort Liebe Besucher, liebe B\u00fcrgerinnen und B\u00fcrger, herzlich willkommen auf der Internetpr\u00e4senz der Freiwilligen Feuerwehr H\u00fcckelhoven. Mit unserem Internetauftritt versuchen wir Ihnen unsere Organisation n\u00e4her zu bringen. Ihre Freiwillige Feuerwehr leistet Hilfe und Sicherheit zu jeder Tages- und Nachtzeit. Wir setzen unser Leben f\u00fcr Sie ein und sorgen so f\u00fcr mehr Sicherheit in unserer Stadt. [&hellip;]<\/p>\n","protected":false},"author":2,"featured_media":0,"parent":22916,"menu_order":2,"comment_status":"closed","ping_status":"closed","template":"page-templates\/fuerwehr.php","meta":{"footnotes":""},"class_list":["post-33192","page","type-page","status-publish","hentry"],"acf":[],"_links":{"self":[{"href":"https:\/\/hueckelhoven.de\/feuerwehr\/wp-json\/wp\/v2\/pages\/33192","targetHints":{"allow":["GET"]}}],"collection":[{"href":"https:\/\/hueckelhoven.de\/feuerwehr\/wp-json\/wp\/v2\/pages"}],"about":[{"href":"https:\/\/hueckelhoven.de\/feuerwehr\/wp-json\/wp\/v2\/types\/page"}],"author":[{"embeddable":true,"href":"https:\/\/hueckelhoven.de\/feuerwehr\/wp-json\/wp\/v2\/users\/2"}],"replies":[{"embeddable":true,"href":"https:\/\/hueckelhoven.de\/feuerwehr\/wp-json\/wp\/v2\/comments?post=33192"}],"version-history":[{"count":6,"href":"https:\/\/hueckelhoven.de\/feuerwehr\/wp-json\/wp\/v2\/pages\/33192\/revisions"}],"predecessor-version":[{"id":70370,"href":"https:\/\/hueckelhoven.de\/feuerwehr\/wp-json\/wp\/v2\/pages\/33192\/revisions\/70370"}],"up":[{"embeddable":true,"href":"https:\/\/hueckelhoven.de\/feuerwehr\/wp-json\/wp\/v2\/pages\/22916"}],"wp:attachment":[{"href":"https:\/\/hueckelhoven.de\/feuerwehr\/wp-json\/wp\/v2\/media?parent=33192"}],"curies":[{"name":"wp","href":"https:\/\/api.w.org\/{rel}","templated":true}]}}