{"id":33235,"date":"2018-03-29T08:23:30","date_gmt":"2018-03-29T07:23:30","guid":{"rendered":"https:\/\/www.hueckelhoven.de\/?page_id=33235"},"modified":"2018-03-29T08:23:30","modified_gmt":"2018-03-29T07:23:30","slug":"geraetehaeuser","status":"publish","type":"page","link":"https:\/\/hueckelhoven.de\/feuerwehr\/feuerwehr\/die-feuerwehr\/technik\/geraetehaeuser\/","title":{"rendered":"Ger\u00e4teh\u00e4user"},"content":{"rendered":"<section style=\"\" class=\"\">\n\t\t\t\t\t<div class=\"container\" style=\"padding:    ; margin:    ;  max-width: 100%;\">\n\t\t\t\t\t\t<div class=\"row\"><div class=\"col-md-36 \" style=\"\"><div class=\"headings text-left \">\n                    <h2>\u00dcbersicht der Ger\u00e4teh\u00e4user<\/h2>\n                <\/div><div class=\"panel-group \" id=\"pthyZILWoBCr\">\n\t\t\t\t\t<div class=\"panel panel-default\">\n\t\t\t\t\t\t<div class=\"panel-heading\">\n\t\t\t\t\t\t\t<h4 class=\"panel-title\">\n\t\t\t\t\t\t\t\t<a data-toggle=\"collapse\" data-parent=\"#pthyZILWoBCr\" href=\"#pthyZILWoBCr_0\">\n\t\t\t\t\t\t\t\t\tFeuerwache H\u00fcckelhoven\n\t\t\t\t\t\t\t\t<\/a>\n\t\t\t\t\t\t\t<\/h4>\n\t\t\t\t\t\t<\/div>\n\t\t\t\t\t\t<div id=\"pthyZILWoBCr_0\" class=\"panel-collapse collapse in\">\n\t\t\t\t\t\t\t<div class=\"panel-body\">\n\t\t\t\t\t\t\t\t<\/p>\n<p style=\"text-align: center;\"><a href=\"\/site\/uploads\/2017\/10\/Feuerwehr_Hueckelhoven.jpg\" data-gallery><img loading=\"lazy\" decoding=\"async\" class=\"wp-image-32719 aligncenter\" src=\"\/site\/uploads\/2017\/10\/Feuerwehr_Hueckelhoven.jpg\" alt=\"SONY DSC\" width=\"351\" height=\"197\" \/><\/a><\/p>\n<p style=\"text-align: left;\">Feuerwache H\u00fcckelhoven, Hilfarther Str. 15<\/p>\n<p style=\"text-align: left;\">\n\n\t\t\t\t\t\t\t<\/div>\n\t\t\t\t\t\t<\/div>\n\t\t\t\t\t<\/div>\n\t\t\t\t\n\t\t\t\t\t<div class=\"panel panel-default\">\n\t\t\t\t\t\t<div class=\"panel-heading\">\n\t\t\t\t\t\t\t<h4 class=\"panel-title\">\n\t\t\t\t\t\t\t\t<a data-toggle=\"collapse\" data-parent=\"#pthyZILWoBCr\" href=\"#pthyZILWoBCr_1\">\n\t\t\t\t\t\t\t\t\tGer\u00e4tehaus Ratheim\n\t\t\t\t\t\t\t\t<\/a>\n\t\t\t\t\t\t\t<\/h4>\n\t\t\t\t\t\t<\/div>\n\t\t\t\t\t\t<div id=\"pthyZILWoBCr_1\" class=\"panel-collapse collapse \">\n\t\t\t\t\t\t\t<div class=\"panel-body\">\n\t\t\t\t\t\t\t\t<\/p>\n<p style=\"text-align: center;\"><a href=\"\/site\/uploads\/2018\/02\/01.jpg\" data-gallery><img loading=\"lazy\" decoding=\"async\" class=\"aligncenter wp-image-34526\" src=\"\/site\/uploads\/2018\/02\/01-1024x768.jpg\" alt=\"01\" width=\"350\" height=\"263\" \/><\/a><\/p>\n<p style=\"text-align: left;\">Ger\u00e4tehaus Ratheim, Jacobastr. 1<\/p>\n<p>\n\n\t\t\t\t\t\t\t<\/div>\n\t\t\t\t\t\t<\/div>\n\t\t\t\t\t<\/div>\n\t\t\t\t\n\t\t\t\t\t<div class=\"panel panel-default\">\n\t\t\t\t\t\t<div class=\"panel-heading\">\n\t\t\t\t\t\t\t<h4 class=\"panel-title\">\n\t\t\t\t\t\t\t\t<a data-toggle=\"collapse\" data-parent=\"#pthyZILWoBCr\" href=\"#pthyZILWoBCr_2\">\n\t\t\t\t\t\t\t\t\tGer\u00e4tehaus Kleingladbach\n\t\t\t\t\t\t\t\t<\/a>\n\t\t\t\t\t\t\t<\/h4>\n\t\t\t\t\t\t<\/div>\n\t\t\t\t\t\t<div id=\"pthyZILWoBCr_2\" class=\"panel-collapse collapse \">\n\t\t\t\t\t\t\t<div class=\"panel-body\">\n\t\t\t\t\t\t\t\t<\/p>\n<p style=\"text-align: center;\"><a href=\"\/site\/uploads\/2018\/05\/2018-05-06-19.14.20.jpg\" data-gallery><img loading=\"lazy\" decoding=\"async\" class=\"wp-image-36597 aligncenter\" src=\"\/site\/uploads\/2018\/05\/2018-05-06-19.14.20-1024x576.jpg\" alt=\"\" width=\"350\" height=\"197\" \/><\/a><\/p>\n<p style=\"text-align: left;\">Ger\u00e4tehaus Kleingladbach, Amselweg 24<\/p>\n<p style=\"text-align: left;\">\n\n\t\t\t\t\t\t\t<\/div>\n\t\t\t\t\t\t<\/div>\n\t\t\t\t\t<\/div>\n\t\t\t\t\n\t\t\t\t\t<div class=\"panel panel-default\">\n\t\t\t\t\t\t<div class=\"panel-heading\">\n\t\t\t\t\t\t\t<h4 class=\"panel-title\">\n\t\t\t\t\t\t\t\t<a data-toggle=\"collapse\" data-parent=\"#pthyZILWoBCr\" href=\"#pthyZILWoBCr_3\">\n\t\t\t\t\t\t\t\t\tGer\u00e4tehaus Millich\n\t\t\t\t\t\t\t\t<\/a>\n\t\t\t\t\t\t\t<\/h4>\n\t\t\t\t\t\t<\/div>\n\t\t\t\t\t\t<div id=\"pthyZILWoBCr_3\" class=\"panel-collapse collapse \">\n\t\t\t\t\t\t\t<div class=\"panel-body\">\n\t\t\t\t\t\t\t\t<\/p>\n<p style=\"text-align: center;\"><a href=\"\/site\/uploads\/2018\/02\/20180205_163625.jpg\" data-gallery><img loading=\"lazy\" decoding=\"async\" class=\"wp-image-33698 aligncenter\" src=\"\/site\/uploads\/2018\/02\/20180205_163625-1024x666.jpg\" alt=\"20180205_163625\" width=\"350\" height=\"228\" \/><\/a><\/p>\n<p style=\"text-align: left;\">Ger\u00e4tehaus Millich, Schaufenberger Str. 42<\/p>\n<p style=\"text-align: left;\">\n\n\t\t\t\t\t\t\t<\/div>\n\t\t\t\t\t\t<\/div>\n\t\t\t\t\t<\/div>\n\t\t\t\t\n\t\t\t\t\t<div class=\"panel panel-default\">\n\t\t\t\t\t\t<div class=\"panel-heading\">\n\t\t\t\t\t\t\t<h4 class=\"panel-title\">\n\t\t\t\t\t\t\t\t<a data-toggle=\"collapse\" data-parent=\"#pthyZILWoBCr\" href=\"#pthyZILWoBCr_4\">\n\t\t\t\t\t\t\t\t\tGer\u00e4tehaus Doveren\n\t\t\t\t\t\t\t\t<\/a>\n\t\t\t\t\t\t\t<\/h4>\n\t\t\t\t\t\t<\/div>\n\t\t\t\t\t\t<div id=\"pthyZILWoBCr_4\" class=\"panel-collapse collapse \">\n\t\t\t\t\t\t\t<div class=\"panel-body\">\n\t\t\t\t\t\t\t\t<\/p>\n<p style=\"text-align: center;\"><a href=\"\/site\/uploads\/2018\/02\/20180205_161909.jpg\" data-gallery><img loading=\"lazy\" decoding=\"async\" class=\"aligncenter wp-image-33697\" src=\"\/site\/uploads\/2018\/02\/20180205_161909-1024x686.jpg\" alt=\"20180205_161909\" width=\"350\" height=\"234\" \/><\/a><\/p>\n<p style=\"text-align: left;\">Ger\u00e4tehaus Doveren, Provinzialstr. 1<\/p>\n<p style=\"text-align: left;\">\n\n\t\t\t\t\t\t\t<\/div>\n\t\t\t\t\t\t<\/div>\n\t\t\t\t\t<\/div>\n\t\t\t\t\n\t\t\t\t\t<div class=\"panel panel-default\">\n\t\t\t\t\t\t<div class=\"panel-heading\">\n\t\t\t\t\t\t\t<h4 class=\"panel-title\">\n\t\t\t\t\t\t\t\t<a data-toggle=\"collapse\" data-parent=\"#pthyZILWoBCr\" href=\"#pthyZILWoBCr_5\">\n\t\t\t\t\t\t\t\t\tGer\u00e4tehaus Baal\n\t\t\t\t\t\t\t\t<\/a>\n\t\t\t\t\t\t\t<\/h4>\n\t\t\t\t\t\t<\/div>\n\t\t\t\t\t\t<div id=\"pthyZILWoBCr_5\" class=\"panel-collapse collapse \">\n\t\t\t\t\t\t\t<div class=\"panel-body\">\n\t\t\t\t\t\t\t\t<\/p>\n<p style=\"text-align: center;\"><a href=\"\/site\/uploads\/2018\/02\/20180205_171320.jpg\" data-gallery><img loading=\"lazy\" decoding=\"async\" class=\"aligncenter wp-image-33703\" src=\"\/site\/uploads\/2018\/02\/20180205_171320-1024x739.jpg\" alt=\"20180205_171320\" width=\"351\" height=\"253\" \/><\/a><\/p>\n<p style=\"text-align: left;\">Ger\u00e4tehaus Baal, Am Hang<\/p>\n<p style=\"text-align: left;\">\n\n\t\t\t\t\t\t\t<\/div>\n\t\t\t\t\t\t<\/div>\n\t\t\t\t\t<\/div>\n\t\t\t\t\n\t\t\t\t\t<div class=\"panel panel-default\">\n\t\t\t\t\t\t<div class=\"panel-heading\">\n\t\t\t\t\t\t\t<h4 class=\"panel-title\">\n\t\t\t\t\t\t\t\t<a data-toggle=\"collapse\" data-parent=\"#pthyZILWoBCr\" href=\"#pthyZILWoBCr_6\">\n\t\t\t\t\t\t\t\t\tGer\u00e4tehaus Rurich\n\t\t\t\t\t\t\t\t<\/a>\n\t\t\t\t\t\t\t<\/h4>\n\t\t\t\t\t\t<\/div>\n\t\t\t\t\t\t<div id=\"pthyZILWoBCr_6\" class=\"panel-collapse collapse \">\n\t\t\t\t\t\t\t<div class=\"panel-body\">\n\t\t\t\t\t\t\t\t<\/p>\n<p style=\"text-align: center;\"><a href=\"\/site\/uploads\/2018\/02\/20180205_170846.jpg\" data-gallery><img loading=\"lazy\" decoding=\"async\" class=\"aligncenter wp-image-33702\" src=\"\/site\/uploads\/2018\/02\/20180205_170846-1024x817.jpg\" alt=\"20180205_170846\" width=\"351\" height=\"280\" \/><\/a><\/p>\n<p style=\"text-align: left;\">Ger\u00e4tehaus Rurich, Kippinger Str. 30<\/p>\n<p style=\"text-align: left;\">\n\n\t\t\t\t\t\t\t<\/div>\n\t\t\t\t\t\t<\/div>\n\t\t\t\t\t<\/div>\n\t\t\t\t\n\t\t\t\t\t<div class=\"panel panel-default\">\n\t\t\t\t\t\t<div class=\"panel-heading\">\n\t\t\t\t\t\t\t<h4 class=\"panel-title\">\n\t\t\t\t\t\t\t\t<a data-toggle=\"collapse\" data-parent=\"#pthyZILWoBCr\" href=\"#pthyZILWoBCr_7\">\n\t\t\t\t\t\t\t\t\tGer\u00e4tehaus Hilfarth\n\t\t\t\t\t\t\t\t<\/a>\n\t\t\t\t\t\t\t<\/h4>\n\t\t\t\t\t\t<\/div>\n\t\t\t\t\t\t<div id=\"pthyZILWoBCr_7\" class=\"panel-collapse collapse \">\n\t\t\t\t\t\t\t<div class=\"panel-body\">\n\t\t\t\t\t\t\t\t<\/p>\n<p style=\"text-align: center;\"><a href=\"\/site\/uploads\/2018\/05\/K1600_Hilfarth.jpg\" data-gallery><img loading=\"lazy\" decoding=\"async\" class=\"aligncenter wp-image-37288\" src=\"\/site\/uploads\/2018\/05\/K1600_Hilfarth-1024x768.jpg\" alt=\"\" width=\"350\" height=\"263\" \/><\/a><\/p>\n<p style=\"text-align: left;\">Ger\u00e4tehaus Hilfarth, AmKiespley 6<\/p>\n<p style=\"text-align: left;\">\n\n\t\t\t\t\t\t\t<\/div>\n\t\t\t\t\t\t<\/div>\n\t\t\t\t\t<\/div>\n\t\t\t\t\n\t\t\t\t\t<div class=\"panel panel-default\">\n\t\t\t\t\t\t<div class=\"panel-heading\">\n\t\t\t\t\t\t\t<h4 class=\"panel-title\">\n\t\t\t\t\t\t\t\t<a data-toggle=\"collapse\" data-parent=\"#pthyZILWoBCr\" href=\"#pthyZILWoBCr_8\">\n\t\t\t\t\t\t\t\t\tGer\u00e4tehaus Brachelen\n\t\t\t\t\t\t\t\t<\/a>\n\t\t\t\t\t\t\t<\/h4>\n\t\t\t\t\t\t<\/div>\n\t\t\t\t\t\t<div id=\"pthyZILWoBCr_8\" class=\"panel-collapse collapse \">\n\t\t\t\t\t\t\t<div class=\"panel-body\">\n\t\t\t\t\t\t\t\t<\/p>\n<p style=\"text-align: center;\"><a href=\"\/site\/uploads\/2018\/02\/20180205_165812.jpg\" data-gallery><img loading=\"lazy\" decoding=\"async\" class=\"aligncenter wp-image-33701\" src=\"\/site\/uploads\/2018\/02\/20180205_165812-1024x631.jpg\" alt=\"20180205_165812\" width=\"349\" height=\"215\" \/><\/a><\/p>\n<p style=\"text-align: left;\">Ger\u00e4tehaus Brachelen, <span class=\"_Xbe\">Alter Steinweg 3<\/span><\/p>\n<p style=\"text-align: left;\">\n\n\t\t\t\t\t\t\t<\/div>\n\t\t\t\t\t\t<\/div>\n\t\t\t\t\t<\/div>\n\t\t\t\t\n\t\t\t\t\t<div class=\"panel panel-default\">\n\t\t\t\t\t\t<div class=\"panel-heading\">\n\t\t\t\t\t\t\t<h4 class=\"panel-title\">\n\t\t\t\t\t\t\t\t<a data-toggle=\"collapse\" data-parent=\"#pthyZILWoBCr\" href=\"#pthyZILWoBCr_9\">\n\t\t\t\t\t\t\t\t\tUnterkunft QVC-Staffel\n\t\t\t\t\t\t\t\t<\/a>\n\t\t\t\t\t\t\t<\/h4>\n\t\t\t\t\t\t<\/div>\n\t\t\t\t\t\t<div id=\"pthyZILWoBCr_9\" class=\"panel-collapse collapse \">\n\t\t\t\t\t\t\t<div class=\"panel-body\">\n\t\t\t\t\t\t\t\t<\/p>\n<p style=\"text-align: center;\"><a href=\"\/site\/uploads\/2018\/03\/TSF_QVC-2.jpg\" data-gallery><img loading=\"lazy\" decoding=\"async\" class=\" wp-image-35243 aligncenter\" src=\"\/site\/uploads\/2018\/03\/TSF_QVC-2-300x200.jpg\" alt=\"\" width=\"350\" height=\"233\" \/><\/a><\/p>\n<p style=\"text-align: left;\">Unterkunft Unterst\u00fctzungseinheit QVC, Porschestrasse 7<\/p>\n<p style=\"text-align: left;\">\n\n\t\t\t\t\t\t\t<\/div>\n\t\t\t\t\t\t<\/div>\n\t\t\t\t\t<\/div>\n\t\t\t\t\n\t\t\t\t\t<div class=\"panel panel-default\">\n\t\t\t\t\t\t<div class=\"panel-heading\">\n\t\t\t\t\t\t\t<h4 class=\"panel-title\">\n\t\t\t\t\t\t\t\t<a data-toggle=\"collapse\" data-parent=\"#pthyZILWoBCr\" href=\"#pthyZILWoBCr_10\">\n\t\t\t\t\t\t\t\t\tUnterkunft Verwaltungsstaffel\n\t\t\t\t\t\t\t\t<\/a>\n\t\t\t\t\t\t\t<\/h4>\n\t\t\t\t\t\t<\/div>\n\t\t\t\t\t\t<div id=\"pthyZILWoBCr_10\" class=\"panel-collapse collapse \">\n\t\t\t\t\t\t\t<div class=\"panel-body\">\n\t\t\t\t\t\t\t\t<\/p>\n<p style=\"text-align: center;\">Bild folgt<\/p>\n<p style=\"text-align: left;\">Unterkunft Unterst\u00fctzungseinheit Verwaltungsstaffel, Rathausplatz 1<\/p>\n<p style=\"text-align: left;\">\n\n\t\t\t\t\t\t\t<\/div>\n\t\t\t\t\t\t<\/div>\n\t\t\t\t\t<\/div>\n\t\t\t\t\n\t\t\t\t\t<div class=\"panel panel-default\">\n\t\t\t\t\t\t<div class=\"panel-heading\">\n\t\t\t\t\t\t\t<h4 class=\"panel-title\">\n\t\t\t\t\t\t\t\t<a data-toggle=\"collapse\" data-parent=\"#pthyZILWoBCr\" href=\"#pthyZILWoBCr_11\">\n\t\t\t\t\t\t\t\t\t\n\t\t\t\t\t\t\t\t<\/a>\n\t\t\t\t\t\t\t<\/h4>\n\t\t\t\t\t\t<\/div>\n\t\t\t\t\t\t<div id=\"pthyZILWoBCr_11\" class=\"panel-collapse collapse \">\n\t\t\t\t\t\t\t<div class=\"panel-body\">\n\t\t\t\t\t\t\t\t<\/p>\n<p>\n\n\t\t\t\t\t\t\t<\/div>\n\t\t\t\t\t\t<\/div>\n\t\t\t\t\t<\/div>\n\t\t\t\t<\/div><div class=\"   \"><\/div><\/div><\/div>\n\t\t\t\t\t<\/div>\n\t\t\t\t<\/section>\n","protected":false},"excerpt":{"rendered":"","protected":false},"author":2,"featured_media":0,"parent":33238,"menu_order":0,"comment_status":"closed","ping_status":"closed","template":"page-templates\/fuerwehr.php","meta":{"footnotes":""},"class_list":["post-33235","page","type-page","status-publish","hentry"],"acf":[],"_links":{"self":[{"href":"https:\/\/hueckelhoven.de\/feuerwehr\/wp-json\/wp\/v2\/pages\/33235","targetHints":{"allow":["GET"]}}],"collection":[{"href":"https:\/\/hueckelhoven.de\/feuerwehr\/wp-json\/wp\/v2\/pages"}],"about":[{"href":"https:\/\/hueckelhoven.de\/feuerwehr\/wp-json\/wp\/v2\/types\/page"}],"author":[{"embeddable":true,"href":"https:\/\/hueckelhoven.de\/feuerwehr\/wp-json\/wp\/v2\/users\/2"}],"replies":[{"embeddable":true,"href":"https:\/\/hueckelhoven.de\/feuerwehr\/wp-json\/wp\/v2\/comments?post=33235"}],"version-history":[{"count":0,"href":"https:\/\/hueckelhoven.de\/feuerwehr\/wp-json\/wp\/v2\/pages\/33235\/revisions"}],"up":[{"embeddable":true,"href":"https:\/\/hueckelhoven.de\/feuerwehr\/wp-json\/wp\/v2\/pages\/33238"}],"wp:attachment":[{"href":"https:\/\/hueckelhoven.de\/feuerwehr\/wp-json\/wp\/v2\/media?parent=33235"}],"curies":[{"name":"wp","href":"https:\/\/api.w.org\/{rel}","templated":true}]}}