{"id":33238,"date":"2018-05-03T08:38:37","date_gmt":"2018-05-03T07:38:37","guid":{"rendered":"https:\/\/www.hueckelhoven.de\/?page_id=33238"},"modified":"2022-05-10T11:37:32","modified_gmt":"2022-05-10T09:37:32","slug":"technik","status":"publish","type":"page","link":"https:\/\/hueckelhoven.de\/feuerwehr\/feuerwehr\/die-feuerwehr\/technik\/","title":{"rendered":"Technik"},"content":{"rendered":"\n<h2 class=\"wp-block-heading\">Technik und Ausr\u00fcstung<\/h2>\n\n\n\n<p>Die Stadt H\u00fcckelhoven ist gem\u00e4\u00df dem Gesetz \u00fcber den Brandschutz, die Hilfeleistung und den Katastrophenschutz (BHKG) verpflichtet, eine den \u00f6rtlichen Verh\u00e4ltnissen leistungsf\u00e4hige Feuerwehr vorzuhalten.<\/p>\n\n\n\n<p>Um eine leistungsf\u00e4hige Feuerwehr vorhalten zu k\u00f6nnen, geh\u00f6rt neben gut ausgebildeten Einsatzkr\u00e4ften auch st\u00e4ndig funktionsf\u00e4higes technisches Ger\u00e4t. Hierzu ist es notwendig, Fahrzeuge und Ger\u00e4te auf neuestem Stand der Technik einsetzen zu k\u00f6nnen. Dazu geh\u00f6rt insbesondere auch die ausreichende Vorhaltung der unterschiedlichsten Einsatzmittel und Fahrzeuge.<\/p>\n\n\n\n<p>Die Aufgabenschwerpunkte des Sachgebietes Technik liegen bei der Planung, Beschaffung und Unterhaltung der technischen Ausstattung im Bereich der Ger\u00e4tetechnik sowie der Fahrzeugtechnik. Aufgeteilt in verschiedene Bereiche (Sachgebiete) sorgen die Mitarbeiter f\u00fcr die st\u00e4ndige Einsatzbereitschaft.<\/p>\n\n\n\n<p>Fahrzeuge und Ger\u00e4te sind im Feuerwehrdienst extremen Belastungen ausgesetzt, daher ist&nbsp; eine kontinuierliche Pr\u00fcfung, Wartung und Pflege unerl\u00e4sslich. Die daf\u00fcr durchzuf\u00fchrenden Arbeiten werden von den Mitarbeitern des Sachgebietes geplant und koordiniert.<\/p>\n\n\n\n<p>Unsere Technik sowie die dazugeh\u00f6rige Ausr\u00fcstung macht uns zu dem, was wir heute sind: eine sehr leistungsf\u00e4hige und gut ausgestattete Feuerwehr &#8211; um in jeder Situation helfen zu k\u00f6nnen. Dazu geh\u00f6ren nicht nur unsere Feuerwehrfahrzeuge, sondern auch die mitgef\u00fchrten Ger\u00e4tschaften.<\/p>\n\n\n\n<p>Erfahren Sie in diesem Bereich alles \u00fcber unseren Fuhrpark, die Ger\u00e4te, mit denen wir fast t\u00e4glich im Einsatz arbeiten, und erleben Sie unsere Ger\u00e4teh\u00e4user.<\/p>\n\n\n\n<figure class=\"wp-block-image size-large\"><img loading=\"lazy\" decoding=\"async\" width=\"1024\" height=\"576\" src=\"https:\/\/hueckelhoven.de\/feuerwehr\/wp-content\/uploads\/2022\/05\/Ruestzug_kl_b-1024x576.jpg\" alt=\"\" class=\"wp-image-62075\" srcset=\"https:\/\/hueckelhoven.de\/feuerwehr\/wp-content\/uploads\/2022\/05\/Ruestzug_kl_b-1024x576.jpg 1024w, https:\/\/hueckelhoven.de\/feuerwehr\/wp-content\/uploads\/2022\/05\/Ruestzug_kl_b-300x169.jpg 300w, https:\/\/hueckelhoven.de\/feuerwehr\/wp-content\/uploads\/2022\/05\/Ruestzug_kl_b-768x432.jpg 768w, https:\/\/hueckelhoven.de\/feuerwehr\/wp-content\/uploads\/2022\/05\/Ruestzug_kl_b-1536x864.jpg 1536w, https:\/\/hueckelhoven.de\/feuerwehr\/wp-content\/uploads\/2022\/05\/Ruestzug_kl_b-2048x1152.jpg 2048w\" sizes=\"auto, (max-width: 1024px) 100vw, 1024px\" \/><\/figure>\n","protected":false},"excerpt":{"rendered":"<p>Technik und Ausr\u00fcstung Die Stadt H\u00fcckelhoven ist gem\u00e4\u00df dem Gesetz \u00fcber den Brandschutz, die Hilfeleistung und den Katastrophenschutz (BHKG) verpflichtet, eine den \u00f6rtlichen Verh\u00e4ltnissen leistungsf\u00e4hige Feuerwehr vorzuhalten. Um eine leistungsf\u00e4hige Feuerwehr vorhalten zu k\u00f6nnen, geh\u00f6rt neben gut ausgebildeten Einsatzkr\u00e4ften auch st\u00e4ndig funktionsf\u00e4higes technisches Ger\u00e4t. Hierzu ist es notwendig, Fahrzeuge und Ger\u00e4te auf neuestem Stand der [&hellip;]<\/p>\n","protected":false},"author":2,"featured_media":0,"parent":24423,"menu_order":1,"comment_status":"closed","ping_status":"closed","template":"page-templates\/fuerwehr.php","meta":{"footnotes":""},"class_list":["post-33238","page","type-page","status-publish","hentry"],"acf":[],"_links":{"self":[{"href":"https:\/\/hueckelhoven.de\/feuerwehr\/wp-json\/wp\/v2\/pages\/33238","targetHints":{"allow":["GET"]}}],"collection":[{"href":"https:\/\/hueckelhoven.de\/feuerwehr\/wp-json\/wp\/v2\/pages"}],"about":[{"href":"https:\/\/hueckelhoven.de\/feuerwehr\/wp-json\/wp\/v2\/types\/page"}],"author":[{"embeddable":true,"href":"https:\/\/hueckelhoven.de\/feuerwehr\/wp-json\/wp\/v2\/users\/2"}],"replies":[{"embeddable":true,"href":"https:\/\/hueckelhoven.de\/feuerwehr\/wp-json\/wp\/v2\/comments?post=33238"}],"version-history":[{"count":1,"href":"https:\/\/hueckelhoven.de\/feuerwehr\/wp-json\/wp\/v2\/pages\/33238\/revisions"}],"predecessor-version":[{"id":62077,"href":"https:\/\/hueckelhoven.de\/feuerwehr\/wp-json\/wp\/v2\/pages\/33238\/revisions\/62077"}],"up":[{"embeddable":true,"href":"https:\/\/hueckelhoven.de\/feuerwehr\/wp-json\/wp\/v2\/pages\/24423"}],"wp:attachment":[{"href":"https:\/\/hueckelhoven.de\/feuerwehr\/wp-json\/wp\/v2\/media?parent=33238"}],"curies":[{"name":"wp","href":"https:\/\/api.w.org\/{rel}","templated":true}]}}