{"id":33242,"date":"2018-03-29T08:30:17","date_gmt":"2018-03-29T07:30:17","guid":{"rendered":"https:\/\/www.hueckelhoven.de\/?page_id=33242"},"modified":"2018-03-29T08:30:17","modified_gmt":"2018-03-29T07:30:17","slug":"geraetschaften","status":"publish","type":"page","link":"https:\/\/hueckelhoven.de\/feuerwehr\/feuerwehr\/die-feuerwehr\/technik\/geraetschaften\/","title":{"rendered":"Sonderger\u00e4tschaften"},"content":{"rendered":"<section style=\"\" class=\"\">\n\t\t\t\t\t<div class=\"container\" style=\"padding:    ; margin:    ;  max-width: 100%;\">\n\t\t\t\t\t\t<div class=\"row\"><div class=\"col-md-36 \" style=\"\"><div class=\"headings text-left \">\n                    <h2>Sonderger\u00e4tschaften<\/h2>\n                <\/div><div class=\"   \"><p> Auf dieser Seite werden wir Ihnen diverse Sonderger\u00e4te oder Neuger\u00e4te vorstellen. <\/p>\n<\/div><div class=\"   \"><\/p>\n<h4><span style=\"color: #333399;\"><em>Die Absturzsicherung<\/em><\/span><\/h4>\n<p>Bei der Brandbek\u00e4mpfung und bei der technischen Hilfeleistung l\u00e4sst es sich in manchen F\u00e4llen nicht vermeiden, dass sich Einsatzkr\u00e4fte der Feuerwehr in absturzgef\u00e4hrdete Bereiche begeben m\u00fcssen. Die Absturzsicherung ist eine Sicherung von Einsatzkr\u00e4ften, die in Bereichen arbeiten, bei denen ein freier Fall nicht auszuschlie\u00dfen ist. Hierf\u00fcr werden mehrere Sets vorgehalten, um im Falle eines Falles gesichert in die H\u00f6he oder in die Tiefe zu steigen.<\/p>\n<ul>\n<li>\n<h5>Auffangurt<\/h5>\n<\/li>\n<\/ul>\n<p>Alle Arbeiten, die in absturzgef\u00e4hrdeten Bereichen durchgef\u00fchrt werden m\u00fcssen, erfordern zwingend die Verwendung eines geeigneten Auffanggurtes zur Absturzsicherung. Hierdurch werden im Falle eines Absturzes die auftretenden Kr\u00e4fte breitfl\u00e4chig und gezielt auf die K\u00f6rperpartien verteilt.<\/p>\n<ul>\n<li>\n<h5>Karabiner und Bandschlingen<\/h5>\n<\/li>\n<\/ul>\n<p>Die Karabiner und Bandschlingen werden in der Sicherungskette beim Vorstieg (in die H\u00f6he) oder beim Abstieg (in die Tiefe) als Zwischensicherungen verwendet. Hierdurch wird ein evt. Sturz verk\u00fcrzt und so ein unkontrollierter Absturz vermieden.<\/p>\n<ul>\n<li>\n<h5>Kernmanteldynamikseil<\/h5>\n<\/li>\n<\/ul>\n<p>Das Kernmanteldynamikseil ist das Verbindungsseil zwischen der Einsatzkraft, die z.B. einen Vorstieg macht, und der Sicherungsmannschaft. Hierdurch wird im Falle eines Sturzes das Seil gebremst sowie gedehnt. Die Einsatzkraft wird sanft abgebremst, so dass die freigesetzte Energie sich nicht auf den K\u00f6rper auswirken kann. <\/p>\n<\/div><\/div><\/div><div class=\"row\"><div class=\"col-md-36 \" style=\"\"><div class=\"   \"><\/p>\n<h4><span style=\"color: #333399;\"><em><span style=\"color: #ff0000;\">A<\/span>utomatisierter <span style=\"color: #ff0000;\">e<\/span>xterner <span style=\"color: #ff0000;\">D<\/span>efibrillator (AED)<\/em><\/span><\/h4>\n<p align=\"justify\">Als &#8222;First Responder&#8220;-Einheit in H\u00fcckelhoven ist es unsere Aufgabe das &#8222;therapiefreie Intervall&#8220; (Zeit zwischen Eintreten des medizinischen Notfalles und der ersten medizinischen Versorgung) zu verk\u00fcrzen. Dazu verf\u00fcgen wir neben unserer spezifischen Ausbildung auch \u00fcber die notwendigen Ger\u00e4te wie z.B. den AED. Ein Defibrillator ist ein medizinisches Ger\u00e4t zur Defibrillation und Kardioversion. Es kann durch gezielte Stromst\u00f6\u00dfe Herzrhythmusst\u00f6rungen wie Kammerflimmern und Kammerflattern (Defibrillation) oder ventrikul\u00e4re Tachykardien, Vorhofflimmern und Vorhofflattern (Kardioversion) beenden. In 85 Prozent aller pl\u00f6tzlichen Herztode liegt anfangs ein sogenanntes Kammerflimmern vor. Ein Defibrillator kann diese elektrisch kreisende Erregung im Herzen durch gleichzeitige Stimulation von mindestens 70 Prozent aller Herzmuskelzellen unterbrechen. Dabei wird eine gro\u00dfe Anzahl von Zellen gleichzeitig depolarisiert, was zur Folge hat, dass diese Zellen eine relativ lange Zeit (etwa 250 ms = Refrakt\u00e4rzeit der Zellen) nicht mehr erregbar sind. Der kreisenden Welle wird quasi der Weg abgeschnitten und das Herz befindet sich wieder in einem Zustand, in dem das nat\u00fcrliche Erregungsleitungssystem die Stimulation des Herzens wieder \u00fcbernehmen kann. Entscheidend bei der Defibrillation ist der fr\u00fchestm\u00f6gliche Einsatz, da die durch das Kammerflimmern hervorgerufene Unterversorgung des Gehirns mit Sauerstoff (Gehirnisch\u00e4mie) binnen kurzer Zeit zu massiven neurologischen Defiziten f\u00fchren kann.<\/p>\n<p>\n<\/div><\/div><\/div><div class=\"row\"><div class=\"col-md-18 \" style=\"\"><div class=\"   \"><\/p>\n<p style=\"text-align: center;\"><a href=\"\/site\/uploads\/2018\/05\/AED.jpg\" data-gallery><img loading=\"lazy\" decoding=\"async\" class=\"aligncenter wp-image-37160\" src=\"\/site\/uploads\/2018\/05\/AED.jpg\" alt=\"\" width=\"200\" height=\"200\" \/><\/a><!--more--><\/p>\n<p style=\"text-align: center;\">Symbol zum Auffinden eines AED<\/p>\n<p>\n<\/div><\/div><div class=\"col-md-17 col-md-offset-1\" style=\"\"><\/div><\/div><div class=\"row\"><div class=\"col-md-36 \" style=\"\"><div class=\"   \"><\/p>\n<h4><span style=\"color: #333399;\"><em>Der hydraulische Rettungsatz<\/em><\/span><\/h4>\n<p>Eines der wichtigsten Ger\u00e4te bei der Freiwilligen Feuerwehr H\u00fcckelhoven ist der hydraulische Rettungssatz. Durch die vielbefahrenen Stra\u00dfen wie die Autohahn A46 oder Bundes- und Landstra\u00dfen &#8211; hier besonders die B57 und L364 sowie L117\u00a0 &#8211; befinden sich einige Unfallschwerpunkte im Einsatzgebiet, an denen es auf Grund der hohen Geschwindigkeiten immer wieder zu Verkehrsunf\u00e4llen mit eingeklemmten Personen kommt. Diese m\u00fcssen dann von der Feuerwehr mit dem hydraulichen Rettungssatz aus ihren Fahrzeugen befreit werden. Der Rettungssatz ist in allen Hilfeleistungsl\u00f6schfahrzeugen mit einer Schnellangriffstrommel aufgebaut. Das hei\u00dft, dass Spreizer und Schere mit der Hydraulikpumpe und diese mit dem Stromerzeuger im Fahrzeug verbunden sind und so beim Einsatz sofort betriebsbereit entnommen werden k\u00f6nnen.<\/p>\n<p class=\"style2\">Im Stadtgebiet werden hydrauliche Rettungss\u00e4tze desselben Herstellers eingesetzt. Somit kann im ganzen Stadtgebiet jedes Ger\u00e4t untereinander eingesetzt, getauscht oder miteinander kombiniert werden. Zum schnellen Wechseln der Ger\u00e4te sind sie mit Singlekupplungen ausger\u00fcstet, die durch einfaches Drehen schnell ge\u00f6ffnet beziehungsweise geschlossen werden k\u00f6nnen.<\/p>\n<ul>\n<li class=\"style1\">\n<h5>Rettungsspreizer<\/h5>\n<\/li>\n<\/ul>\n<p class=\"style2\">Die Feuerwehr benutzt unterschiedliche Gr\u00f6\u00dfen eines Herstellers. Bei einem Arbeitsdruck von 630 bar kann der Spreizer eine Spreizkraft von bis zu 130kN aufbringen. Die \u00d6ffnungsweite von ca. 700 mm ist ausreichend f\u00fcr alle Aufgaben. Das Gewicht betr\u00e4gt ca. 20 kg. Die austauschbaren Spitzen sind d\u00fcnn genug, um auch in kleinen Spalten anzusetzen, und geben durch ihre spezielle Form guten Halt. Mit dem zugeh\u00f6rigen Kettensatz kann der Spreizer dazu benutzt werden, Gegenst\u00e4nde zusammenzuziehen.<\/p>\n<ul>\n<li class=\"style2\">\n<h5>Schneidger\u00e4t<\/h5>\n<\/li>\n<\/ul>\n<p class=\"style2\">Das Schneidger\u00e4t ist mit seinen Klingen gut dazu geeignet, an Fahrzeugen mit nur einem Schnitt die Holme und Dachs\u00e4ulen durchzuschneiden. Die \u00d6ffnungsweite betr\u00e4gt ca. 270 mm. Mit einer durchschnittlichen Schneidkraft von ca. 200 kN kann sie Vollmaterial bis zu einer Materialst\u00e4rke von 36 mm zerschneiden. Trotz des Gewichts von ca. 17 kg ist das Schneidger\u00e4t durch einen verstellbaren Handgriff sowohl f\u00fcr Rechts- als auch f\u00fcr Linksh\u00e4nder gut zu bedienen.<\/p>\n<ul>\n<li class=\"style2\">\n<h5>Hydraulikpumpe<\/h5>\n<\/li>\n<\/ul>\n<p class=\"style2\">Die Hydraulikpumpe treibt die Anbauger\u00e4te des Rettungssatzes an. Bei einer elektrischen Pumpenleistung von 1,3 kW liefert sie einen Druck von 630 bar. Es k\u00f6nnen jeweils zwei Ger\u00e4te parallel betrieben werden. Wenn nur ein Ger\u00e4t ben\u00f6tigt wird, bietet die Hydraulikpumpe eine Turbofunktion, bei der mit der doppelten Geschwindigkeit gearbeitet werden kann. Die beiden Schl\u00e4uche sind unabh\u00e4ngig voneinander, auch unter Druck, abziehbar. Die Hydraulikpumpe wiegt ca. 44 kg.<\/p>\n<ul>\n<li class=\"style1\">\n<h5>Rettungszylinder<\/h5>\n<\/li>\n<\/ul>\n<p class=\"style2\">Unterschiedliche L\u00e4ngen von Rettungszylindern kompletieren den Rettungssatz.\u00a0 Der Standardsatz besteht aus drei hydraulisch angetriebenen Rettungszylindern mit unterschiedlicher \u00d6ffnungsweite und Druckkraft. Mit diesen kann zum Beispiel der Motorraum eines Fahrzeuges nach vorne weggeklappt werden, um die F\u00fc\u00dfe einer eingeklemmten Person zu erreichen. Da die Motorpumpe nur zwei Ausg\u00e4nge hat, werden die Zylinder anstelle von Schere und Spreizer angeschlossen. Im nicht angeschlossenen Zustand halten die Zylinder die aktuelle Stellung.<\/p>\n<p>\n<\/div><div class=\" box-text-teaser aside red mb20  \"><\/p>\n\n<p>\n<\/div><\/div><\/div>\n\t\t\t\t\t<\/div>\n\t\t\t\t<\/section>\n","protected":false},"excerpt":{"rendered":"","protected":false},"author":2,"featured_media":0,"parent":33238,"menu_order":2,"comment_status":"closed","ping_status":"closed","template":"page-templates\/fuerwehr.php","meta":{"footnotes":""},"class_list":["post-33242","page","type-page","status-publish","hentry"],"acf":[],"_links":{"self":[{"href":"https:\/\/hueckelhoven.de\/feuerwehr\/wp-json\/wp\/v2\/pages\/33242","targetHints":{"allow":["GET"]}}],"collection":[{"href":"https:\/\/hueckelhoven.de\/feuerwehr\/wp-json\/wp\/v2\/pages"}],"about":[{"href":"https:\/\/hueckelhoven.de\/feuerwehr\/wp-json\/wp\/v2\/types\/page"}],"author":[{"embeddable":true,"href":"https:\/\/hueckelhoven.de\/feuerwehr\/wp-json\/wp\/v2\/users\/2"}],"replies":[{"embeddable":true,"href":"https:\/\/hueckelhoven.de\/feuerwehr\/wp-json\/wp\/v2\/comments?post=33242"}],"version-history":[{"count":0,"href":"https:\/\/hueckelhoven.de\/feuerwehr\/wp-json\/wp\/v2\/pages\/33242\/revisions"}],"up":[{"embeddable":true,"href":"https:\/\/hueckelhoven.de\/feuerwehr\/wp-json\/wp\/v2\/pages\/33238"}],"wp:attachment":[{"href":"https:\/\/hueckelhoven.de\/feuerwehr\/wp-json\/wp\/v2\/media?parent=33242"}],"curies":[{"name":"wp","href":"https:\/\/api.w.org\/{rel}","templated":true}]}}