{"id":33277,"date":"2018-05-03T08:45:56","date_gmt":"2018-05-03T07:45:56","guid":{"rendered":"https:\/\/www.hueckelhoven.de\/?page_id=33277"},"modified":"2022-05-23T13:09:23","modified_gmt":"2022-05-23T11:09:23","slug":"loescheinheit-millich","status":"publish","type":"page","link":"https:\/\/hueckelhoven.de\/feuerwehr\/feuerwehr\/loescheinheiten\/loescheinheit-millich\/","title":{"rendered":"L\u00f6scheinheit Millich"},"content":{"rendered":"\n<h2 class=\"wp-block-heading\">L\u00f6scheinheit Millich<\/h2>\n\n\n\n<h3 class=\"wp-block-heading\">L\u00f6schzug 2<\/h3>\n\n\n\n<figure class=\"wp-block-image size-large\"><img loading=\"lazy\" decoding=\"async\" width=\"1024\" height=\"666\" src=\"https:\/\/hueckelhoven.de\/feuerwehr\/wp-content\/uploads\/2022\/05\/20180205_163625-1024x666.jpg\" alt=\"\" class=\"wp-image-62106\" srcset=\"https:\/\/hueckelhoven.de\/feuerwehr\/wp-content\/uploads\/2022\/05\/20180205_163625-1024x666.jpg 1024w, https:\/\/hueckelhoven.de\/feuerwehr\/wp-content\/uploads\/2022\/05\/20180205_163625-300x195.jpg 300w, https:\/\/hueckelhoven.de\/feuerwehr\/wp-content\/uploads\/2022\/05\/20180205_163625-768x500.jpg 768w, https:\/\/hueckelhoven.de\/feuerwehr\/wp-content\/uploads\/2022\/05\/20180205_163625-1536x1000.jpg 1536w, https:\/\/hueckelhoven.de\/feuerwehr\/wp-content\/uploads\/2022\/05\/20180205_163625-2048x1333.jpg 2048w\" sizes=\"auto, (max-width: 1024px) 100vw, 1024px\" \/><\/figure>\n\n\n<h4>Ansicht vom Ger\u00e4tehaus der L\u00f6scheinheit Millich.<\/h4>\n<p>Millich liegt im westlichen Stadtgebiet.<\/p>","protected":false},"excerpt":{"rendered":"<p>L\u00f6scheinheit Millich L\u00f6schzug 2 Ansicht vom Ger\u00e4tehaus der L\u00f6scheinheit Millich. Millich liegt im westlichen Stadtgebiet.<\/p>\n","protected":false},"author":2,"featured_media":0,"parent":22919,"menu_order":4,"comment_status":"closed","ping_status":"closed","template":"page-templates\/fuerwehr.php","meta":{"footnotes":""},"class_list":["post-33277","page","type-page","status-publish","hentry"],"acf":[],"_links":{"self":[{"href":"https:\/\/hueckelhoven.de\/feuerwehr\/wp-json\/wp\/v2\/pages\/33277","targetHints":{"allow":["GET"]}}],"collection":[{"href":"https:\/\/hueckelhoven.de\/feuerwehr\/wp-json\/wp\/v2\/pages"}],"about":[{"href":"https:\/\/hueckelhoven.de\/feuerwehr\/wp-json\/wp\/v2\/types\/page"}],"author":[{"embeddable":true,"href":"https:\/\/hueckelhoven.de\/feuerwehr\/wp-json\/wp\/v2\/users\/2"}],"replies":[{"embeddable":true,"href":"https:\/\/hueckelhoven.de\/feuerwehr\/wp-json\/wp\/v2\/comments?post=33277"}],"version-history":[{"count":1,"href":"https:\/\/hueckelhoven.de\/feuerwehr\/wp-json\/wp\/v2\/pages\/33277\/revisions"}],"predecessor-version":[{"id":62107,"href":"https:\/\/hueckelhoven.de\/feuerwehr\/wp-json\/wp\/v2\/pages\/33277\/revisions\/62107"}],"up":[{"embeddable":true,"href":"https:\/\/hueckelhoven.de\/feuerwehr\/wp-json\/wp\/v2\/pages\/22919"}],"wp:attachment":[{"href":"https:\/\/hueckelhoven.de\/feuerwehr\/wp-json\/wp\/v2\/media?parent=33277"}],"curies":[{"name":"wp","href":"https:\/\/api.w.org\/{rel}","templated":true}]}}