{"id":34023,"date":"2018-03-29T08:46:14","date_gmt":"2018-03-29T07:46:14","guid":{"rendered":"https:\/\/www.hueckelhoven.de\/?page_id=34023"},"modified":"2018-03-29T08:46:14","modified_gmt":"2018-03-29T07:46:14","slug":"werbekampagne-nrw","status":"publish","type":"page","link":"https:\/\/hueckelhoven.de\/feuerwehr\/feuerwehr\/die-feuerwehr\/werbekampagne-nrw\/","title":{"rendered":"Werbekampagne NRW"},"content":{"rendered":"<p><section style=\"\" class=\"\">\n\t\t\t\t\t<div class=\"container\" style=\"padding:    ; margin:    ;  max-width: 100%;\">\n\t\t\t\t\t\t<div class=\"row\"><div class=\"col-md-18 \" style=\"\"><div class=\"headings text-left \">\n                    <h2>Kampagne NRW<\/h2>\n                <\/div><div class=\"   \"><\/p>\n<p style=\"text-align: justify;\">Die Freiwilligen Feuerwehren in NRW sehen sich zunehmend dem gesellschaftlichen Wandel ausgesetzt: Die Mitglieder werden immer \u00e4lter, sie arbeiten nicht da, wo sie wohnen und einige Arbeitgeber sehen es kritisch, wenn ihre Mitarbeiter f\u00fcr einen Einsatz den Betrieb verlassen. Dies alles betrifft gerade Freiwillige Feuerwehren in Kommunen wie H\u00fcckelhoven. Wenn es innerhalb der Gemeinde brennt oder zu einem Unfall kommt, dann ist es die Freiwillige Feuerwehr, die &#8211; in H\u00fcckelhoven durch einige hauptamtliche Kr\u00e4fte unterst\u00fctzt &#8211; ausr\u00fcckt. Um unsere wichtige Aufgabe f\u00fcr das Wohlergehen der B\u00fcrgerinnen und B\u00fcrger erf\u00fcllen zu k\u00f6nnen, braucht unsere Feuerwehr immer wieder Menschen, die bereit sind, f\u00fcr die B\u00fcrgerinnen und B\u00fcrger mitunter im wahrsten Sinne des Wortes &#8222;durchs Feuer zu gehen&#8220;. Vielleicht w\u00e4re das ja genau das Richtige f\u00fcr Sie.<\/p>\n<p>\n<\/div><\/div><div class=\"col-md-17 col-md-offset-1\" style=\"\"><div class=\"panel-group \" id=\"pt6AKJ0J7OxA\">\n\t\t\t\t\t<div class=\"panel panel-default\">\n\t\t\t\t\t\t<div class=\"panel-heading\">\n\t\t\t\t\t\t\t<h4 class=\"panel-title\">\n\t\t\t\t\t\t\t\t<a data-toggle=\"collapse\" data-parent=\"#pt6AKJ0J7OxA\" href=\"#pt6AKJ0J7OxA_0\">\n\t\t\t\t\t\t\t\t\tAuch M\u00e4dels k\u00f6nnen helfen\n\t\t\t\t\t\t\t\t<\/a>\n\t\t\t\t\t\t\t<\/h4>\n\t\t\t\t\t\t<\/div>\n\t\t\t\t\t\t<div id=\"pt6AKJ0J7OxA_0\" class=\"panel-collapse collapse in\">\n\t\t\t\t\t\t\t<div class=\"panel-body\">\n\t\t\t\t\t\t\t\t<p> <a href=\"\/site\/uploads\/2017\/10\/Motiv_Feuerwehrfrau-1024x717.jpg\" data-gallery><img loading=\"lazy\" decoding=\"async\" class=\"wp-image-24449 alignleft\" src=\"\/site\/uploads\/2017\/10\/Motiv_Feuerwehrfrau-1024x717-1024x717.jpg\" alt=\"Motiv_Feuerwehrfrau-1024x717\" width=\"301\" height=\"211\" \/><\/a> <\/p>\n\n\t\t\t\t\t\t\t<\/div>\n\t\t\t\t\t\t<\/div>\n\t\t\t\t\t<\/div>\n\t\t\t\t<\/div><\/div><\/div>\n\t\t\t\t\t<\/div>\n\t\t\t\t<\/section><section style=\"\" class=\"\">\n\t\t\t\t\t<div class=\"container\" style=\"padding:    ; margin:    ;  max-width: 100%;\">\n\t\t\t\t\t\t<div class=\"row\"><div class=\"col-md-36 \" style=\"\"><div class=\"   \"><\/p>\n<h3 style=\"text-align: justify;\">Kenntnisse<\/h3>\n<p style=\"text-align: justify;\">Vorkenntnisse in Sachen Feuerwehr sind ausdr\u00fccklich nicht erforderlich. Die Ausbildung erhalten Sie bei uns. Der Zeitaufwand f\u00fcr die Freiwillige Feuerwehr entspricht in etwa dem, was auch andere Hobbys wie die Mitgliedschaft im Fu\u00dfball- oder Schwimmverein in Anspruch nehmen w\u00fcrden. Genauer gesagt findet neben den Eins\u00e4tzen zwei Mal im Monat ein \u00dcbungsdienst statt.<\/p>\n<p style=\"text-align: justify;\"><em><strong>Helfen macht Spa\u00df!<\/strong><\/em><\/p>\n<p style=\"text-align: justify;\">Ob bei einem Brand, einem Verkehrsunfall, einem Sturmschaden oder bei einem Chemieunfall \u2013 technisch sehr gut aufgestellt, k\u00f6nnen Sie mit uns gemeinsam daf\u00fcr sorgen, dass die H\u00fcckelhovener B\u00fcrgerinnen und B\u00fcrger stets die bestm\u00f6gliche Hilfe erhalten.<\/p>\n<p style=\"text-align: justify;\">Bei Interesse oder weiteren Fragen kontaktieren Sie uns gerne. \u00dcber die Internetseite der Stadt H\u00fcckelhoven erreichen Sie den Internetauftritt der Feuerwehr sowie Ihre L\u00f6schgruppe am Ort.<\/p>\n<p style=\"text-align: justify;\">Hier gibt es weitere Informationen und Kontaktm\u00f6glichkeiten. Gerne k\u00f6nnen Sie uns auch eine Mail-Nachricht schreiben.<\/p>\n<p style=\"text-align: left;\"><span style=\"color: #800000;\">F\u00fcr weitere R\u00fcckfragen: <a href=\"mailto:feuerwache@hueckelhoven112.de\">feuerwache@hueckelhoven112.de<\/a><\/span><\/p>\n<p>\n<\/div><\/div><\/div>\n\t\t\t\t\t<\/div>\n\t\t\t\t<\/section><\/p>\n","protected":false},"excerpt":{"rendered":"","protected":false},"author":2,"featured_media":0,"parent":24423,"menu_order":5,"comment_status":"closed","ping_status":"closed","template":"page-templates\/fuerwehr.php","meta":{"footnotes":""},"class_list":["post-34023","page","type-page","status-publish","hentry"],"acf":[],"_links":{"self":[{"href":"https:\/\/hueckelhoven.de\/feuerwehr\/wp-json\/wp\/v2\/pages\/34023","targetHints":{"allow":["GET"]}}],"collection":[{"href":"https:\/\/hueckelhoven.de\/feuerwehr\/wp-json\/wp\/v2\/pages"}],"about":[{"href":"https:\/\/hueckelhoven.de\/feuerwehr\/wp-json\/wp\/v2\/types\/page"}],"author":[{"embeddable":true,"href":"https:\/\/hueckelhoven.de\/feuerwehr\/wp-json\/wp\/v2\/users\/2"}],"replies":[{"embeddable":true,"href":"https:\/\/hueckelhoven.de\/feuerwehr\/wp-json\/wp\/v2\/comments?post=34023"}],"version-history":[{"count":0,"href":"https:\/\/hueckelhoven.de\/feuerwehr\/wp-json\/wp\/v2\/pages\/34023\/revisions"}],"up":[{"embeddable":true,"href":"https:\/\/hueckelhoven.de\/feuerwehr\/wp-json\/wp\/v2\/pages\/24423"}],"wp:attachment":[{"href":"https:\/\/hueckelhoven.de\/feuerwehr\/wp-json\/wp\/v2\/media?parent=34023"}],"curies":[{"name":"wp","href":"https:\/\/api.w.org\/{rel}","templated":true}]}}