{"id":37292,"date":"2018-05-29T11:33:57","date_gmt":"2018-05-29T10:33:57","guid":{"rendered":"https:\/\/www.hueckelhoven.de\/?page_id=37292"},"modified":"2022-06-08T10:38:04","modified_gmt":"2022-06-08T08:38:04","slug":"aenderungen","status":"publish","type":"page","link":"https:\/\/hueckelhoven.de\/feuerwehr\/feuerwehr\/aenderungen\/","title":{"rendered":"Aktualisierung"},"content":{"rendered":"\n<h2 class=\"wp-block-heading\">Update und Neuerungen<\/h2>\n\n\n\n<p>Hallo zusammen, auf dieser Seite k\u00f6nnen Sie ab sofort die letzten 20 \u00c4nderungen, Neuerungen und Updates der jeweiligen Internetseite nachlesen. Somit erhalten Sie auf kurzem Wege alle wesentlichen \u00c4nderungen auf einem Blick. <\/p>\n\n\n\n<hr class=\"wp-block-separator has-alpha-channel-opacity\"\/>\n\n\n\n<ul class=\"wp-block-list\"><li>2020.01.06 \u00dcbungspl\u00e4ne 2020 der L\u00f6scheinheiten<\/li><\/ul>\n","protected":false},"excerpt":{"rendered":"<p>Update und Neuerungen Hallo zusammen, auf dieser Seite k\u00f6nnen Sie ab sofort die letzten 20 \u00c4nderungen, Neuerungen und Updates der jeweiligen Internetseite nachlesen. Somit erhalten Sie auf kurzem Wege alle wesentlichen \u00c4nderungen auf einem Blick. 2020.01.06 \u00dcbungspl\u00e4ne 2020 der L\u00f6scheinheiten<\/p>\n","protected":false},"author":2,"featured_media":0,"parent":22916,"menu_order":6,"comment_status":"closed","ping_status":"closed","template":"page-templates\/fuerwehr.php","meta":{"footnotes":""},"class_list":["post-37292","page","type-page","status-publish","hentry"],"acf":[],"_links":{"self":[{"href":"https:\/\/hueckelhoven.de\/feuerwehr\/wp-json\/wp\/v2\/pages\/37292","targetHints":{"allow":["GET"]}}],"collection":[{"href":"https:\/\/hueckelhoven.de\/feuerwehr\/wp-json\/wp\/v2\/pages"}],"about":[{"href":"https:\/\/hueckelhoven.de\/feuerwehr\/wp-json\/wp\/v2\/types\/page"}],"author":[{"embeddable":true,"href":"https:\/\/hueckelhoven.de\/feuerwehr\/wp-json\/wp\/v2\/users\/2"}],"replies":[{"embeddable":true,"href":"https:\/\/hueckelhoven.de\/feuerwehr\/wp-json\/wp\/v2\/comments?post=37292"}],"version-history":[{"count":2,"href":"https:\/\/hueckelhoven.de\/feuerwehr\/wp-json\/wp\/v2\/pages\/37292\/revisions"}],"predecessor-version":[{"id":62656,"href":"https:\/\/hueckelhoven.de\/feuerwehr\/wp-json\/wp\/v2\/pages\/37292\/revisions\/62656"}],"up":[{"embeddable":true,"href":"https:\/\/hueckelhoven.de\/feuerwehr\/wp-json\/wp\/v2\/pages\/22916"}],"wp:attachment":[{"href":"https:\/\/hueckelhoven.de\/feuerwehr\/wp-json\/wp\/v2\/media?parent=37292"}],"curies":[{"name":"wp","href":"https:\/\/api.w.org\/{rel}","templated":true}]}}