{"id":62081,"date":"2018-04-24T13:43:57","date_gmt":"2018-04-24T12:43:41","guid":{"rendered":"https:\/\/www.hueckelhoven.de\/?page_id=36046"},"modified":"2025-08-12T09:48:35","modified_gmt":"2025-08-12T07:48:35","slug":"ansprechpartner-2","status":"publish","type":"page","link":"https:\/\/hueckelhoven.de\/feuerwehr\/feuerwehr\/ansprechpartner-2\/","title":{"rendered":"Ansprechpartner"},"content":{"rendered":"\n<p><strong>L\u00f6schzugf\u00fchrung Zug1<\/strong><\/p>\n\n\n\n<ul class=\"wp-block-list\">\n<li>Norbert Cohnen<\/li>\n\n\n\n<li>Mail: <a href=\"mailto:zug1@hueckelhoven112.de\">zug1@hueckelhoven112.de<\/a><\/li>\n<\/ul>\n\n\n\n<div style=\"height:31px\" aria-hidden=\"true\" class=\"wp-block-spacer\"><\/div>\n\n\n\n<p>L\u00f6scheinheitsf\u00fchrer H\u00fcckelhoven<\/p>\n\n\n\n<div class=\"wp-block-columns is-layout-flex wp-container-core-columns-is-layout-9d6595d7 wp-block-columns-is-layout-flex\">\n<div class=\"wp-block-column is-layout-flow wp-block-column-is-layout-flow\">\n<p><strong>Bereitschaftsgruppe 1<\/strong><\/p>\n\n\n\n<p>Uwe H\u00f6rig, Frank Darius<\/p>\n<\/div>\n\n\n\n<div class=\"wp-block-column is-layout-flow wp-block-column-is-layout-flow\">\n<p><strong>Bereitschaftsgruppe 2<\/strong><\/p>\n\n\n\n<p>Axel Sieberichs, Mario Consoir<\/p>\n<\/div>\n<\/div>\n\n\n\n<hr class=\"wp-block-separator has-alpha-channel-opacity\"\/>\n\n\n\n<p><strong>L\u00f6schzugf\u00fchrung Zug<\/strong>2<\/p>\n\n\n\n<ul class=\"wp-block-list\">\n<li>J\u00f6rg Evertz, Florian Moll<\/li>\n\n\n\n<li>Mail: <a href=\"mailto:zug2@hueckelhoven112.de\">zug2@hueckelhoven112.de<\/a><\/li>\n<\/ul>\n\n\n\n<div style=\"height:31px\" aria-hidden=\"true\" class=\"wp-block-spacer\"><\/div>\n\n\n\n<div class=\"wp-block-columns is-layout-flex wp-container-core-columns-is-layout-9d6595d7 wp-block-columns-is-layout-flex\">\n<div class=\"wp-block-column is-layout-flow wp-block-column-is-layout-flow\">\n<p>L\u00f6scheinheit Ratheim<\/p>\n\n\n\n<p>Mail: <a href=\"mailto:ratheim@hueckelhoven112.de\">ratheim@hueckelhoven112.de<\/a><\/p>\n<\/div>\n\n\n\n<div class=\"wp-block-column is-layout-flow wp-block-column-is-layout-flow\">\n<p>Einheitsf\u00fchrer:<\/p>\n\n\n\n<p><strong>Sascha Junker, Leon Grabbe<\/strong><\/p>\n<\/div>\n<\/div>\n\n\n\n<div class=\"wp-block-columns is-layout-flex wp-container-core-columns-is-layout-9d6595d7 wp-block-columns-is-layout-flex\">\n<div class=\"wp-block-column is-layout-flow wp-block-column-is-layout-flow\">\n<p>L\u00f6scheinheit Millich<\/p>\n\n\n\n<p>Mail: <a href=\"mailto:millich@hueckelhoven112.de\">millich@hueckelhoven112.de<\/a><\/p>\n<\/div>\n\n\n\n<div class=\"wp-block-column is-layout-flow wp-block-column-is-layout-flow\">\n<p>Einheitsf\u00fchrer:<\/p>\n\n\n\n<p><strong>Oliver Ormanns, Axel Coenen<\/strong><\/p>\n<\/div>\n<\/div>\n\n\n\n<div class=\"wp-block-columns is-layout-flex wp-container-core-columns-is-layout-9d6595d7 wp-block-columns-is-layout-flex\">\n<div class=\"wp-block-column is-layout-flow wp-block-column-is-layout-flow\">\n<p>L\u00f6scheinheit Kleingladbach<\/p>\n\n\n\n<p>Mail: <a href=\"mailto:kleingladbach@hueckelhoven112.de\">kleingladbach@hueckelhoven112.de<\/a><\/p>\n<\/div>\n\n\n\n<div class=\"wp-block-column is-layout-flow wp-block-column-is-layout-flow\">\n<p>Einheitsf\u00fchrer:<\/p>\n\n\n\n<p><strong>Andreas K\u00f6rber, Andre Steinebach<\/strong><\/p>\n<\/div>\n<\/div>\n\n\n\n<hr class=\"wp-block-separator has-alpha-channel-opacity\"\/>\n\n\n\n<p><strong>L\u00f6schzugf\u00fchrung Zug<\/strong>3<\/p>\n\n\n\n<ul class=\"wp-block-list\">\n<li>Heribert G\u00f6rtz, Alexander H\u00f6nigs<\/li>\n\n\n\n<li>Mail: <a href=\"mailto:zug3@hueckelhoven112.de\">zug3@hueckelhoven112.de<\/a><\/li>\n<\/ul>\n\n\n\n<div style=\"height:31px\" aria-hidden=\"true\" class=\"wp-block-spacer\"><\/div>\n\n\n\n<div class=\"wp-block-columns is-layout-flex wp-container-core-columns-is-layout-9d6595d7 wp-block-columns-is-layout-flex\">\n<div class=\"wp-block-column is-layout-flow wp-block-column-is-layout-flow\">\n<p>L\u00f6scheinheit Doveren<\/p>\n\n\n\n<p>Mail: <a href=\"mailto:doveren@hueckelhoven112.de\">doveren@hueckelhoven112.de<\/a><\/p>\n<\/div>\n\n\n\n<div class=\"wp-block-column is-layout-flow wp-block-column-is-layout-flow\">\n<p>Einheitsf\u00fchrer:<\/p>\n\n\n\n<p><strong>Tobias Bartels, Lars Wallentin<\/strong><\/p>\n<\/div>\n<\/div>\n\n\n\n<div class=\"wp-block-columns is-layout-flex wp-container-core-columns-is-layout-9d6595d7 wp-block-columns-is-layout-flex\">\n<div class=\"wp-block-column is-layout-flow wp-block-column-is-layout-flow\">\n<p>L\u00f6scheinheit Baal<\/p>\n\n\n\n<p>Mail: <a href=\"mailto:baal@hueckelhoven112.de\">baal@hueckelhoven112.de<\/a><\/p>\n<\/div>\n\n\n\n<div class=\"wp-block-column is-layout-flow wp-block-column-is-layout-flow\">\n<p>Einheitsf\u00fchrer:<\/p>\n\n\n\n<p><strong>Robin Kuhnert, Daniel Stormanns<\/strong><\/p>\n<\/div>\n<\/div>\n\n\n\n<div class=\"wp-block-columns is-layout-flex wp-container-core-columns-is-layout-9d6595d7 wp-block-columns-is-layout-flex\">\n<div class=\"wp-block-column is-layout-flow wp-block-column-is-layout-flow\">\n<p>L\u00f6scheinheit Rurich<\/p>\n\n\n\n<p>Mail: <a href=\"mailto:rurich@hueckelhoven112.de\">rurich@hueckelhoven112.de<\/a><\/p>\n<\/div>\n\n\n\n<div class=\"wp-block-column is-layout-flow wp-block-column-is-layout-flow\">\n<p>Einheitsf\u00fchrer:<\/p>\n\n\n\n<p><strong>David J\u00e4ckel, Matthias Janse<\/strong>n<\/p>\n<\/div>\n<\/div>\n\n\n\n<hr class=\"wp-block-separator has-alpha-channel-opacity\"\/>\n\n\n\n<p><strong>L\u00f6schzugf\u00fchrung Zug<\/strong>4<\/p>\n\n\n\n<ul class=\"wp-block-list\">\n<li>Guido Schiffer, Jens Beumer<\/li>\n\n\n\n<li>Mail: <a href=\"mailto:zug4@hueckelhoven112.de\">zug4@hueckelhoven112.de<\/a><\/li>\n<\/ul>\n\n\n\n<div style=\"height:31px\" aria-hidden=\"true\" class=\"wp-block-spacer\"><\/div>\n\n\n\n<div class=\"wp-block-columns is-layout-flex wp-container-core-columns-is-layout-9d6595d7 wp-block-columns-is-layout-flex\">\n<div class=\"wp-block-column is-layout-flow wp-block-column-is-layout-flow\">\n<p>L\u00f6scheinheit Hilfarth<\/p>\n\n\n\n<p>Mail: <a href=\"mailto:hilfarth@hueckelhoven112.de\">hilfarth@hueckelhoven112.de<\/a><\/p>\n<\/div>\n\n\n\n<div class=\"wp-block-column is-layout-flow wp-block-column-is-layout-flow\">\n<p>Einheitsf\u00fchrer:<\/p>\n\n\n\n<p><strong>Christoph Knur,<\/strong> <strong>Stefan Frenken<\/strong><\/p>\n<\/div>\n<\/div>\n\n\n\n<div class=\"wp-block-columns is-layout-flex wp-container-core-columns-is-layout-9d6595d7 wp-block-columns-is-layout-flex\">\n<div class=\"wp-block-column is-layout-flow wp-block-column-is-layout-flow\">\n<p>L\u00f6scheinheit Brachelen<\/p>\n\n\n\n<p>Mail: <a href=\"mailto:brachelen@hueckelhoven112.de\">brachelen@hueckelhoven112.de<\/a><\/p>\n<\/div>\n\n\n\n<div class=\"wp-block-column is-layout-flow wp-block-column-is-layout-flow\">\n<p>Einheitsf\u00fchrer:<\/p>\n\n\n\n<p><strong>Simon Jansen, Christoph Mathesius<\/strong><\/p>\n<\/div>\n<\/div>\n\n\n\n<hr class=\"wp-block-separator has-alpha-channel-opacity\"\/>\n\n\n\n<p><strong>Stadt Jugendfeuerwehrwart<\/strong><\/p>\n\n\n\n<ul class=\"wp-block-list\">\n<li>Markus Stetter, Lars Neumeyer<\/li>\n\n\n\n<li>Mail: <a href=\"mailto:jugendfeuerwehr@hueckelhoven112.de\">jugendfeuerwehr@hueckelhoven112.de<\/a><\/li>\n<\/ul>\n\n\n\n<div style=\"height:31px\" aria-hidden=\"true\" class=\"wp-block-spacer\"><\/div>\n","protected":false},"excerpt":{"rendered":"<p>L\u00f6schzugf\u00fchrung Zug1 L\u00f6scheinheitsf\u00fchrer H\u00fcckelhoven Bereitschaftsgruppe 1 Uwe H\u00f6rig, Frank Darius Bereitschaftsgruppe 2 Axel Sieberichs, Mario Consoir L\u00f6schzugf\u00fchrung Zug2 L\u00f6scheinheit Ratheim Mail: ratheim@hueckelhoven112.de Einheitsf\u00fchrer: Sascha Junker, Leon Grabbe L\u00f6scheinheit Millich Mail: millich@hueckelhoven112.de Einheitsf\u00fchrer: Oliver Ormanns, Axel Coenen L\u00f6scheinheit Kleingladbach Mail: kleingladbach@hueckelhoven112.de Einheitsf\u00fchrer: Andreas K\u00f6rber, Andre Steinebach L\u00f6schzugf\u00fchrung Zug3 L\u00f6scheinheit Doveren Mail: doveren@hueckelhoven112.de Einheitsf\u00fchrer: Tobias Bartels, Lars [&hellip;]<\/p>\n","protected":false},"author":2,"featured_media":0,"parent":22916,"menu_order":4,"comment_status":"closed","ping_status":"closed","template":"","meta":{"footnotes":""},"class_list":["post-62081","page","type-page","status-publish","hentry"],"acf":[],"_links":{"self":[{"href":"https:\/\/hueckelhoven.de\/feuerwehr\/wp-json\/wp\/v2\/pages\/62081","targetHints":{"allow":["GET"]}}],"collection":[{"href":"https:\/\/hueckelhoven.de\/feuerwehr\/wp-json\/wp\/v2\/pages"}],"about":[{"href":"https:\/\/hueckelhoven.de\/feuerwehr\/wp-json\/wp\/v2\/types\/page"}],"author":[{"embeddable":true,"href":"https:\/\/hueckelhoven.de\/feuerwehr\/wp-json\/wp\/v2\/users\/2"}],"replies":[{"embeddable":true,"href":"https:\/\/hueckelhoven.de\/feuerwehr\/wp-json\/wp\/v2\/comments?post=62081"}],"version-history":[{"count":13,"href":"https:\/\/hueckelhoven.de\/feuerwehr\/wp-json\/wp\/v2\/pages\/62081\/revisions"}],"predecessor-version":[{"id":79291,"href":"https:\/\/hueckelhoven.de\/feuerwehr\/wp-json\/wp\/v2\/pages\/62081\/revisions\/79291"}],"up":[{"embeddable":true,"href":"https:\/\/hueckelhoven.de\/feuerwehr\/wp-json\/wp\/v2\/pages\/22916"}],"wp:attachment":[{"href":"https:\/\/hueckelhoven.de\/feuerwehr\/wp-json\/wp\/v2\/media?parent=62081"}],"curies":[{"name":"wp","href":"https:\/\/api.w.org\/{rel}","templated":true}]}}